{"id":998,"date":"2018-04-18T05:30:51","date_gmt":"2018-04-18T05:30:51","guid":{"rendered":"https:\/\/www.radsoft.eu\/se\/sport\/?page_id=998"},"modified":"2021-06-07T14:05:12","modified_gmt":"2021-06-07T14:05:12","slug":"spelinfo-detaljer","status":"publish","type":"page","link":"https:\/\/www.radsoft.eu\/se\/sport\/spelinfo\/spelinfo-detaljer\/","title":{"rendered":"Spelinfo Detaljer"},"content":{"rendered":"<style type=\"text\/css\">\n\tiframe {\n\tborder: 0;\n\t}\n\t.row.wide {\n\twidth: 80%;\n\tmargin: auto;\n\t}\n\t@media only screen and (max-width: 450px) {\n\t.row.wide {\n\twidth: 90%;\n\t}\n\t}\n\t.hidden {\n\tdisplay: none;\n\t}<\/p>\n<p>\t.p1 .s1.selected {\n\ttext-decoration: underline;\n\t}\n\t.p1 .s1 {\n\tmargin-left: 30px;\n\tmargin-right: 30px;\n\tcursor: pointer;\n\t}\n\t.p1 .s1:hover {\n\ttext-decoration: underline;\n\t}<\/p>\n<p>\t.omtale-1-column { display: none; }\n\t@media only screen and (max-width: 700px) {\n\t.omtale .omtale-2-column {\n\tdisplay: none;\n\t}\n\t.omtale .omtale-1-column {\n\tdisplay: block;\n\t}\n\t}<\/p>\n<p>\t.omtale iframe,\n\tiframe.redaksjonelt {\n\twidth: 100%;\n\t}\n\t.omtale iframe.nt {\n\tmin-width: 200px;\n\t}<\/p>\n<p>\t.SimpleAd {\n\tborder: 1px solid #496e8f;\n\tfont-size: 12px;\n\tfont-weight: normal;\n\ttext-align: center;<\/p>\n<p>\tmargin-bottom: 4px;\n\tbackground: #fcfcfc; \/* Old browsers *\/\n\tbackground: -moz-linear-gradient(top,  #fcfcfc 0%, #e4e4e4 100%); \/* FF3.6-15 *\/\n\tbackground: -webkit-linear-gradient(top,  #fcfcfc 0%,#e4e4e4 100%); \/* Chrome10-25,Safari5.1-6 *\/\n\tbackground: linear-gradient(to bottom,  #fcfcfc 0%,#e4e4e4 100%); \/* W3C, IE10+, FF16+, Chrome26+, Opera12+, Safari7+ *\/\n\tfilter: progid:DXImageTransform.Microsoft.gradient( startColorstr='#fcfcfc', endColorstr='#e4e4e4',GradientType=0 ); \/* IE6-9 *\/\n\t}\n\theader .content .SimpleAd > p.small {\n\tfont-size: 13px;\n\t}\n\theader .content .SimpleAd > p {\n\tmargin: 0;\n\twidth: 100%;\n\tfont-size: 15px;\n\tmargin-top: 2px;\n\tmargin-bottom: 2px;\n\t}\n\t.button-bar {\n\tbackground-color: #496e8f;\n\ttext-align: center;\n\tcolor: #fff;\n\tpadding: 2px;\n\tmargin-bottom: 4px;\n\t}<\/p>\n<p>\t\/* hide header *\/\n\t.content > h1:first-child { display: none; }<\/p>\n<\/style>\n<div class=\"row wide omtale\">\n<div class=\"omtale-2-column\">\n<table style=\"width: 100%\">\n<tr>\n<td style=\"width: 30%\">\n<div class='button-bar' style=\"text-transform: uppercase\">Spela direkt nu &#8211; Gratis<\/div>\n<p>\t\t\t\t\t<a href=\"\/se\/sport\/systemxperten-tipping\"><\/p>\n<div class=\"SimpleAd\">\n<p>SystemXperten Tipset<\/p>\n<p class=\"small\">Nu f\u00f6r alla plattformar<\/p>\n<\/p><\/div>\n<p>\t\t\t\t\t<\/a><br \/>\n\t\t\t\t\t<a href=\"\/se\/sport\/systemxperten-oddsbomben\"><\/p>\n<div class=\"SimpleAd\">\n<p>SystemXperten Oddset Bomben<\/p>\n<p class=\"small\">Nu f\u00f6r alla plattformar<\/p>\n<\/p><\/div>\n<p>\t\t\t\t\t<\/a><br \/>\n\t\t\t\t\t<a href=\"\/se\/sport\/kombi-rader-tipset\/\"><\/p>\n<div class=\"SimpleAd\">\n<p>Kombi-Rader Tipset<\/p>\n<p class=\"small\">Spela dina egna rader<\/p>\n<\/p><\/div>\n<p>\t\t\t\t\t<\/a><br \/>\n\t\t\t\t\t<a href=\"\/se\/sport\/live\"><br \/>\n\t\t\t\t\t\t<img decoding=\"async\" src=\"\/se\/sport\/live\/img\/logo_hvit.png\" style=\"width: 100%; background-color: black; border-radius: 4px\"\/><br \/>\n\t\t\t\t\t<\/a><\/p>\n<div class='button-bar' style=\"text-transform: uppercase\">Ladda ner nu &#8211; gratis<\/div>\n<p>\t\t\t\t\t<a href=\"\/se\/sport\/systemspill-i-Sverige-les-mer\/#systemspel\"><\/p>\n<div class=\"SimpleAd\">\n<p>Systemspel i Sverige<\/p>\n<p class=\"small\">Det b\u00e4sta av det b\u00e4sta<\/p>\n<\/p><\/div>\n<p>\t\t\t\t\t<\/a><\/p>\n<p>\t\t\t\t\t<a href=\"\/se\/sport\/systemspill-i-Sverige-les-mer\/#bombenvx\"><\/p>\n<div class=\"SimpleAd\">\n<p>Bomben VX<\/p>\n<p class=\"small\">Spela proffsigt<\/p>\n<\/p><\/div>\n<p>\t\t\t\t\t<\/a><\/p>\n<p>\t\t\t\t\t<a href=\"\/se\/sport\/systemspill-i-Sverige-les-mer\/#malbonanza\"><\/p>\n<div class=\"SimpleAd\">\n<p>M\u00e5lbonanza<\/p>\n<p class=\"small\">Ditt verktyg f\u00f6r M\u00e5ltipset<\/p>\n<\/p><\/div>\n<p>\t\t\t\t\t<\/a><\/p>\n<p>\t\t\t\t\t<a href=\"\/se\/sport\/systemspill-i-Sverige-les-mer\/#systemtips\"><\/p>\n<div class=\"SimpleAd\">\n<p>Systemtips<\/p>\n<p class=\"small\">Smart och enkelt<\/p>\n<\/p><\/div>\n<p>\t\t\t\t\t<\/a><\/p>\n<div class=\"ad-container SimpleAd\">\n<div class=\"ad-header\">\n<h3>Annonsinneh\u00e5ll<\/h3>\n<\/div>\n<div style=\"margin:auto;\">\n<script type=\"text\/javascript\">\nvar uri = 'https:\/\/impse.tradedoubler.com\/imp?type(js)g(24490870)a(1939238)' + new String (Math.random()).substring (2, 11);\ndocument.write('<sc'+'ript type=\"text\/javascript\" src=\"'+uri+'\" charset=\"ISO-8859-1\"><\/sc'+'ript>');\n<\/script><\/p>\n<\/div><\/div>\n<\/td>\n<td style=\"width: 70%\">\n<p>\t\t\t\t\t\t<iframe id='sportred0' name='sportred' class='redaksjonelt' frameborder='0' scrolling='no' allowTransparency='true' style='height: 10px;' isrc='\/se\/sport\/widget\/Redaksjonelt\/sportredaktion.php'><\/iframe><\/p>\n<\/td>\n<\/tr>\n<\/table><\/div>\n<div class=\"omtale-1-column\">\n<div class='button-bar' style=\"text-transform: uppercase\">Spela direkt nu &#8211; Gratis<\/div>\n<p>\t\t\t<a href=\"\/\/www.radsoft.eu\/se\/sport\/systemxperten-tipping\"><\/p>\n<div class=\"SimpleAd\">\n<p>SystemXperten Tipset<\/p>\n<p class=\"small\">Nu f\u00f6r alla plattformar<\/p>\n<\/p><\/div>\n<p>\t\t\t<\/a><br \/>\n\t\t\t<a href=\"\/se\/sport\/systemxperten-oddsbomben\"><\/p>\n<div class=\"SimpleAd\">\n<p>SystemXperten Oddset Bomben<\/p>\n<p class=\"small\">Nu f\u00f6r alla plattformar<\/p>\n<\/p><\/div>\n<p>\t\t\t<\/a><br \/>\n\t\t\t<a href=\"\/\/www.radsoft.eu\/se\/sport\/kombi-rader-tipset\/\"><\/p>\n<div class=\"SimpleAd\">\n<p>Kombi-Rader Tipset<\/p>\n<p class=\"small\">Spela dina egna rader<\/p>\n<\/p><\/div>\n<p>\t\t\t<\/a><br \/>\n\t\t\t<a href=\"\/se\/sport\/live\"><br \/>\n\t\t\t\t<img decoding=\"async\" src=\"\/se\/sport\/live\/img\/logo_hvit.png\" style=\"width: 100%; background-color: black; border-radius: 4px\"\/><br \/>\n\t\t\t<\/a><\/p>\n<p>\t\t\t<iframe id='sportred1' name='sportred1' class='redaksjonelt' frameborder='0' scrolling='no' allowTransparency='true' style='height: 10px;' isrc='\/se\/sport\/widget\/Redaksjonelt\/sportredaktion.php'><\/iframe><\/p>\n<p>\t\t\t<!-- AdSense --><br \/>\n\t\t\t<!-- \n\n<div class=\"ad-container\">\n\t\t\t\t\n\n<div class=\"ad-header\">\n\n<h3>Annonseinnhold<\/h3>\n\n<\/div>\n\n\n\t\t\t\t\n\n<div class=\"ad-content ad-content-responsive\">\n\t\t\t\t\t<!-- 6 Responsiv m\u00f8rkebl\u00e5 --><br \/>\n\t\t\t\t\t<ins class=\"adsbygoogle\"\n\t\t\t\t\t\t\tstyle=\"display:block\"\n\t\t\t\t\t\t\tdata-ad-client=\"ca-pub-2171781400745157\"\n\t\t\t\t\t\t\tdata-ad-slot=\"1817489428\"\n\t\t\t\t\t\t\tdata-ad-format=\"rectangle\"><\/ins>\n\t\t\t\t<\/div>\n<div class=\"ad-container-close\"><\/div>\n<\/p><\/div>\n<p>\t\t\t<script async src=\"\/\/pagead2.googlesyndication.com\/pagead\/js\/adsbygoogle.js\"><\/script><br \/>\n\t\t\t<script>\n\t\t\t\t(adsbygoogle = window.adsbygoogle || []).push({});\n\t\t\t<\/script> &#8211;><br \/>\n\t\t\t<!-- end AdSense --><\/p><\/div>\n<\/p><\/div>\n<style type=\"text\/css\">\n\t\tiframe#tipsframe {\n\t\t\tborder: 0;\n\t\t\twidth: 100%;\n\t\t\tmax-width: 980px;\n\t\t}\n\t\tsection.tippetips {\n\t\t\twidth: 80%;\n\t\t\tmargin: auto;\n\t\t\tmax-width: 900px;\n\t\t}\n\t\t@media max-width(450px) {\n\t\t\tsection.tippetips {\n\t\t\t\twidth: 100%;\n\t\t\t}\n\t\t}\n\t\tdiv.colLeft { \n\t\t\twidth: 100%; \n\t\t\tmargin-top: 10px;\n\t\t}\n\t\tinput.tippebutton {\n\t\t\tbackground-color: #618BB9;\n\t\t\tborder: 1px solid #114682;\n\t\t\tborder-radius: 3px;\n\t\t\tcursor: pointer;\n\t\t\theight: 40px;\n\t\t\tmargin-top: 10px;\n\t\t}\n\t\tinput.tippebutton:hover {\n\t\t\tbackground-color: #7299C5;\n\t\t\tcolor: white;\n\t\t}\n\t\tinput.tippebutton.print {\n\t\t\tbackground-color: #EAEAEA;\n\t\t}\n\t<\/style>\n<p>\t<script type=\"text\/javascript\">\n\t\t$(window).on(\"message\", function(event) {\n\t\t\tvar data = event.originalEvent.data;\n\t\t\tconsole.log(\"resize msg: %o\", data);\n\t\t\ttry {\n\t\t\t\tdata = JSON.parse(data);\n\t\t\t\tvar $iframe = $(\"iframe[name='\"+data.name+\"']\");\n\t\t\t\tif(data.type == \"resize\") {<\/p>\n<p>\t\t\t\t\tvar height = $iframe.height();\n\t\t\t\t\tif(Math.abs(height - data.height) > 30)\n\t\t\t\t\t{\n\t\t\t\t\t\t$iframe.css({\n\t\t\t\t\t\t\t\"height\":(data.height + 21) + \"px\"\n\t\t\t\t\t\t});\n\t\t\t\t\t}<\/p>\n<p>\t\t\t\t\tif(data.name == \"red0\") \n\t\t\t\t\t{\n\t\t\t\t\t\t$(\"#komigang\").css({\"height\":(data.height+21)+\"px\"});\n\t\t\t\t\t}\n\t\t\t\t}\n\t\t\t\telse if(data.type == \"close\") {\t\t\t\t\t\t\n\t\t\t\t\t$iframe.remove();\n\t\t\t\t\tvar $red = $(\"iframe.redaksjonelt\");\n\t\t\t\t\tif($red.length % 2 == 0) {\n\t\t\t\t\t\t$red.eq($red.length-1).css({\"width\":\"100%\"});\n\t\t\t\t\t}\n\t\t\t\t}\n\t\t\t}\n\t\t\tcatch(err) {}\t\t\t\n\t\t});\n\t\t$(window).on(\"resize\", function() {\n\t\t\tvar search = window.location.search;\n\t\t\tif(!search || search == \"\" || search == \"?\") {\n\t\t\t\tsearch = \"?index=0&full=true\";\n\t\t\t}\n\t\t\t$(\"iframe.redaksjonelt\").each(function(i,el) {\n\t\t\t\tvar $el = $(el);\n\t\t\t\t$el.css({\"height\":\"\"});\n\t\t\t\tvar src = $el.attr(\"isrc\");\t\t\t\t\n\t\t\t\t$el.prop(\"src\", src + search);\n\t\t\t});\n\t\t});\n\t\t$(document).ready(function() { \n\t\t\t$(window).trigger(\"resize\"); \n\t\t\t$(\".spill_content\").css({\"padding\":\"1.5em 10%\"});\n\t\t\t$(\"#header .content\").css({\"margin-bottom\":\"4em\"});<\/p>\n<p>\t\t\t$(\"#header .page-item-43\").insertAfter($(\"#header .page-item-7\"));\n\t\t\t$(\"#footer .page-item-43\").insertAfter($(\"#footer .page-item-7\"));\n\t\t});\n\t<\/script><br \/>\n<script src=\"https:\/\/www.radsoft.eu\/se\/fotball\/resources\/js\/redirect_from_sport_to_fotball.js\"><\/script><\/p>\n","protected":false},"excerpt":{"rendered":"<p>Spela direkt nu &#8211; Gratis SystemXperten Tipset Nu f\u00f6r alla plattformar SystemXperten Oddset Bomben Nu f\u00f6r alla plattformar Kombi-Rader Tipset Spela dina egna rader Ladda ner nu &#8211; gratis Systemspel i Sverige Det b\u00e4sta av det b\u00e4sta Bomben VX Spela proffsigt M\u00e5lbonanza Ditt verktyg f\u00f6r M\u00e5ltipset Systemtips Smart och enkelt Annonsinneh\u00e5ll Spela direkt nu &#8211; [&hellip;]<\/p>\n","protected":false},"author":1,"featured_media":0,"parent":43,"menu_order":0,"comment_status":"closed","ping_status":"closed","template":"spilletips.php","meta":{"footnotes":""},"class_list":["post-998","page","type-page","status-publish","hentry"],"_links":{"self":[{"href":"https:\/\/www.radsoft.eu\/se\/sport\/wp-json\/wp\/v2\/pages\/998","targetHints":{"allow":["GET"]}}],"collection":[{"href":"https:\/\/www.radsoft.eu\/se\/sport\/wp-json\/wp\/v2\/pages"}],"about":[{"href":"https:\/\/www.radsoft.eu\/se\/sport\/wp-json\/wp\/v2\/types\/page"}],"author":[{"embeddable":true,"href":"https:\/\/www.radsoft.eu\/se\/sport\/wp-json\/wp\/v2\/users\/1"}],"replies":[{"embeddable":true,"href":"https:\/\/www.radsoft.eu\/se\/sport\/wp-json\/wp\/v2\/comments?post=998"}],"version-history":[{"count":23,"href":"https:\/\/www.radsoft.eu\/se\/sport\/wp-json\/wp\/v2\/pages\/998\/revisions"}],"predecessor-version":[{"id":1372,"href":"https:\/\/www.radsoft.eu\/se\/sport\/wp-json\/wp\/v2\/pages\/998\/revisions\/1372"}],"up":[{"embeddable":true,"href":"https:\/\/www.radsoft.eu\/se\/sport\/wp-json\/wp\/v2\/pages\/43"}],"wp:attachment":[{"href":"https:\/\/www.radsoft.eu\/se\/sport\/wp-json\/wp\/v2\/media?parent=998"}],"curies":[{"name":"wp","href":"https:\/\/api.w.org\/{rel}","templated":true}]}}