{"id":7,"date":"2016-03-04T10:45:20","date_gmt":"2016-03-04T09:45:20","guid":{"rendered":"http:\/\/localhost:8888\/spilleksperter\/?page_id=7"},"modified":"2019-01-04T08:31:23","modified_gmt":"2019-01-04T08:31:23","slug":"hem","status":"publish","type":"page","link":"https:\/\/www.radsoft.eu\/se\/sport\/hem\/","title":{"rendered":"Hem"},"content":{"rendered":"<style type=\"text\/css\">\n.front-page header #text_extra { margin-bottom: 20px; }\nbody.front-page #header #spillvett {\n        margin-right: 100px;\n        top: 375px;\n\tbottom: 13em;\n}<\/p>\n<p>@media only screen and (max-width: 1150px) {\n      document.getElementById(\"svslogony\").style.visibility = \"hidden\"\n\t.front-page header #spillvett {\n\t\tright: 0;\n\t\ttop: 85px;\n\t\twidth: 85%;\n                margin-right:0px;\n\t\tmargin: 0 auto;<\/p>\n<p>\t\tleft: 0;\n\t}<\/p>\n<p>        body.front-page #header #spillvett {\n          margin-right: 100px;\n          top: 105px;\n\t  bottom: 13em;\n       }\t\n\t.front-page header #spillvett a { float: left; }\n\t.front-page header #spillvett a:last-child { float: right; }\n\t.front-page header #spillvett img {\n\t\tpadding-left: 0;\n\t\twidth: 120px;\n\t}\n\t.front-page header #spillvett a:first-child img {\n\t\tmargin-right: 25px;\n\t}\n\t.front-page header #text_extra {\n\t\twidth: 65%;\n\t\tmargin-bottom: 20px;\n\t}\n\t.front-page header.short {\n\t\tmin-height: auto;\n\t}\n\t.front-page header.short .content {\n\t\tmargin-bottom: 4em;\n\t}\n}<\/p>\n<p>@media only screen and (max-width: 880px) {\n\t.front-page header #spillvett {\n\t\ttop: 75px;\n                visibility: hidden;\n\t}\n}<\/p>\n<p>@media only screen and (max-width: 525px) {\n\t.front-page header #spillvett {\n\t\ttop: 75px;\n                visibility: hidden;<\/p>\n<p>\t}\n.c2a-button {\nwidth: 150px;\n}\n}<\/p>\n<p>@media only screen and (max-width: 450px) {\n\t.front-page header #spillvett {\n\t\twidth: 90%;\n\t}\n}<\/p>\n<p>.c2a-button {\n\tmargin-top: 20px;\n\tmargin-bottom: 5px;\n\tdisplay: inline-block;\n\tbackground-color: #3D444E;\n}\n<\/style>\n<p class='p0'>S\u00e4tt spelet i system och bli en vinnare med <br \/> RADsoft och Svenska Spel.<\/p>\n<p><\/p>\n<p class='p0'><small>Med v\u00e5ra produkter och tj\u00e4nster spelar du mycket smartare, effektivare, roligare och vinstgivande. Samtidigt \u00f6kar du sp\u00e4nningen med Liver\u00e4ttning och optimerar ditt spel f\u00f6r att bli en vinnare p\u00e5 kort och l\u00e5ng sikt.<\/small><\/p>\n<div id=\"text_extra\">Med v\u00e5ra program st\u00e4ller du in siktet sj\u00e4lv f\u00f6r B\u00c4STA fulltr\u00e4ff hos Svenska Spel.<br \/>\nSpela snabbt, enkelt och smart p\u00e5 alla plattformar d\u00e4r det passar dig b\u00e4st. Inte minst med v\u00e5r sida <strong>RADsoft Live<\/strong>!<br \/>\n<a href=\"\/se\/sport\/produkter\/\"><button class='c2a-button'>L\u00c4S MER<\/button><\/a>\n<\/div>\n<p><script>\ndocument.getElementsByTagName(\"h1\")[0].style.display = \"none\";\n$(document).ready(function() { \n\t$(\"body\").addClass(\"front-page\");\n\t$(\"#text_extra\").insertAfter($(\"#spillvett\"));\n});\n<\/script><\/p>\n","protected":false},"excerpt":{"rendered":"<p>S\u00e4tt spelet i system och bli en vinnare med RADsoft och Svenska Spel. Med v\u00e5ra produkter och tj\u00e4nster spelar du mycket smartare, effektivare, roligare och vinstgivande. Samtidigt \u00f6kar du sp\u00e4nningen med Liver\u00e4ttning och optimerar ditt spel f\u00f6r att bli en vinnare p\u00e5 kort och l\u00e5ng sikt. Med v\u00e5ra program st\u00e4ller du in siktet sj\u00e4lv f\u00f6r [&hellip;]<\/p>\n","protected":false},"author":1,"featured_media":0,"parent":0,"menu_order":0,"comment_status":"closed","ping_status":"closed","template":"","meta":{"footnotes":""},"class_list":["post-7","page","type-page","status-publish","hentry"],"_links":{"self":[{"href":"https:\/\/www.radsoft.eu\/se\/sport\/wp-json\/wp\/v2\/pages\/7","targetHints":{"allow":["GET"]}}],"collection":[{"href":"https:\/\/www.radsoft.eu\/se\/sport\/wp-json\/wp\/v2\/pages"}],"about":[{"href":"https:\/\/www.radsoft.eu\/se\/sport\/wp-json\/wp\/v2\/types\/page"}],"author":[{"embeddable":true,"href":"https:\/\/www.radsoft.eu\/se\/sport\/wp-json\/wp\/v2\/users\/1"}],"replies":[{"embeddable":true,"href":"https:\/\/www.radsoft.eu\/se\/sport\/wp-json\/wp\/v2\/comments?post=7"}],"version-history":[{"count":127,"href":"https:\/\/www.radsoft.eu\/se\/sport\/wp-json\/wp\/v2\/pages\/7\/revisions"}],"predecessor-version":[{"id":822,"href":"https:\/\/www.radsoft.eu\/se\/sport\/wp-json\/wp\/v2\/pages\/7\/revisions\/822"}],"wp:attachment":[{"href":"https:\/\/www.radsoft.eu\/se\/sport\/wp-json\/wp\/v2\/media?parent=7"}],"curies":[{"name":"wp","href":"https:\/\/api.w.org\/{rel}","templated":true}]}}