{"id":510,"date":"2016-04-21T08:31:50","date_gmt":"2016-04-21T08:31:50","guid":{"rendered":"http:\/\/www.radsoft.no\/nyeradsoft\/?page_id=510"},"modified":"2021-04-19T07:53:58","modified_gmt":"2021-04-19T07:53:58","slug":"systemspill-i-sverige-les-mer","status":"publish","type":"page","link":"https:\/\/www.radsoft.eu\/se\/sport\/systemspill-i-sverige-les-mer\/","title":{"rendered":"Systemspill i Sverige les mer"},"content":{"rendered":"<style type=\"text\/css\">\n\tbody header.short .content p,\n\tbody header .content p { \n\t\twidth: 100%;\n\t\tfont-size: 15px; \n\t\tmargin-bottom: 8px;\n\t}\n\timg.big-image {\n\t\tfloat: right;\n\t\tmax-width: 350px;\n\t\tmargin: 0 0 20px 20px;\n\t}\n\t.content-section:nth-child(odd) table,\n\t.content-section:nth-child(odd) {\n\t\tbackground-color: #E4ECF1;\n\t}\t\n\t.content-section:nth-child(odd) {\n\t\tpadding: 15px;\n\t}\n\t.content-section table img {\n\t\tcursor: pointer;\n\t}\n\t.page-template-default .content .content-section h1 {\n\t\tdisplay: initial;\n\t}\n\t.content-section h3 {\n\t\tmargin-bottom: 8px;\n\t}\n\tdiv.image-focus {\n\t\tposition: fixed;\n\t\ttop: 0;\n\t\tleft: 0;\n\t\tbottom: 0;\n\t\tright: 0;\n\t\ttext-align: center;\n\t\tz-index: 100000;\n\t\tbackground-color: rgba(255, 255, 255, 0.5);\n\t\tpadding-top: 4em;\n\t}\n\tdiv.image-focus img {\n\t\tmax-width: 100%;\n\t}\n<\/style>\n<p><script type=\"text\/javascript\">\n\t$(document).ready(function() {\n\t\t$(\".content-section table img\").on(\"click\", function(event) {\n\t\t\tvar $img = $(event.target).closest(\"img\");\n\t\t\tvar src = $img.attr(\"data-src\");<\/p>\n<p>\t\t\t\/\/ $(document).append($(\"<\/p>\n<div class='image-focus'><img src='\/se\/sport\/images\/\" + src + \"'\/><\/div>\n<p>\"));\n\t\t\tvar $img = $(\"<\/p>\n<div\/>\", {\n\t\t\t\t\"class\": \"image-focus\",\n\t\t\t\t\"html\": \"<img src='\/se\/sport\/images\/\" + src + \"'\/>\"\n\t\t\t});\n\t\t\t$(\"body\").append($img);\n\t\t\tsetTimeout(function() {\n\t\t\t\t$img.on(\"click\", function() { $img.remove(); });\n\t\t\t}, 50);\n\t\t});\n\t});\n<\/script><\/p>\n<section class=\"systemspill-les-mer autowidth\">\n<p>    <a id=\"systemxperten\"><\/p>\n<h1 style=\"display: block\">SystemXperten<\/h1>\n<p><\/a><\/p>\n<div class=\"content-section space-above-2x\">\n<h3>F\u00f6r Stryk, Europa, Topptipset, Powerplay, Oddset Bomben och M\u00e5ltipset <\/h3>\n<p>        <img decoding=\"async\" src=\"\/se\/sport\/images\/nyserie1.jpg\" class=\"big-image\" \/><\/p>\n<p>\n\t\tSystemXperten \u00e4r ett resultat i teknikens framkant av en helt ny applikation som v\u00e5ra kunder mer och mer efterfr\u00e5gat, n\u00e4mligen att kunna spela reducerade system p\u00e5 alla typer av PC, Mac datorer, L\u00e4splattor, Smartphones och Linux. Med detta kan du spela dina system smart, enkelt, effektivt och vinstgivande, oberoende p\u00e5 vart du \u00e4r eller till vilken enhet du har tillg\u00e5ng till.\n<\/p>\n<p>\nMed SystemXperten har du allt du beh\u00f6ver f\u00f6r spel p\u00e5 Stryktipset, Europatipset, Topptipset, Powerplay, Oddset Bomben och M\u00e5ltipset. Fr\u00e5n det enkla till det mera avancerat spelandet. Med SystemXperten har du Liver\u00e4ttning med prognos och utdelning.\n<\/p>\n<p>\nFlytande hj\u00e4lptext som g\u00f6r det mycket enkelt att f\u00f6rst\u00e5 programmens alla f\u00f6rdelar. Statistik och analys som g\u00f6r du ser hur systemet ligger till med s\u00e5v\u00e4l din ram som reduktioner f\u00f6r vald spelform och eller spelobjekt.\n<\/p>\n<p>\nBeh\u00f6ver du se lagens tidigare resultat, tabell\u00e4ge, ranking eller expertkommentarens bed\u00f6mning, ja d\u00e5 finns det ocks\u00e5 till din hj\u00e4lp med ett enkelt klick eller tapp. Vidare kan du enkelt dela dina system med SMS, Facebook, Tvitter, mail samt \u00f6vriga sociala media om ni spelar tillsammans.\n<\/p>\n<p>\n<b>Som med v\u00e5ra \u00f6vriga program l\u00e4mnar du in ditt spel snabbt och enkelt \u00f6ver internet direkt till Svenska Spel fr\u00e5n din dator, tablet eller mobil.<\/b> <\/p>\n<p>N\u00e4r du spelar mera avancerade systemspel s\u00e5 finns massor med m\u00f6jligheter med teckenreduktioner, folket, ranking utg\u00e5ngsrader, kombinationer av reduktioner, statistik och och \u00e4ven anv\u00e4nda mallar.<br \/>\nBollen\/Pucken ligger p\u00e5 straffpunkten och \u00e4r din som toppad center&#8230;\n<\/p>\n<p>Ditt radpris och d\u00e4rmed \u00e4ven vinstutbetalning best\u00e4mmer du helt sj\u00e4lv.<\/p>\n<\/p>\n<p>\t\t<a href=\"\/\/www.radsoft.eu\/se\/sport\/systemxperten-tipping\"><br \/>\n\t\t<button type=\"button\">Spela SystemXperten Tipset<\/button><\/p>\n<p>\t\t<a href=\"\/\/www.radsoft.eu\/se\/sport\/systemxperten-oddsbomben\/\"><br \/>\n\t\t<button type=\"button\">Spela SystemXperten Bomben<\/button><\/p>\n<p>\t\t<a href=\"\/\/www.radsoft.eu\/se\/sport\/systemxperten-maltipset\/\"><br \/>\n\t\t<button type=\"button\">Spela SystemXperten M\u00e5ltipset<\/button><\/p>\n<p>                <a href=\"\/\/www.radsoft.eu\/se\/sport\/systemxperten-tipset-se-video\/\"><br \/>\n\t\t<button type=\"button\">Se video f\u00f6r SystemXperten Tipset&#8230;<\/button><\/p>\n<p>\t\t<\/a>\n    <\/div>\n<hr>\n<div class=\"content-section space-above-2x\">\n    <a id=\"systemspel\"><\/p>\n<h1 style=\"display: block\">Systemspel i Sverige<\/h1>\n<p><\/a><\/p>\n<div>\n<h3>Stryktipset\/Europatipset<\/h3>\n<p>\n\t\tMed Skandinaviens ledande tipsprogram kan du spela b\u00e5de Stryktipset och Europatipset. Du beh\u00f6ver inte vara stortippare f\u00f6r att vinna med TipsPro &#8211; tv\u00e4rtom! Med TipsPro kan du tippa f\u00f6r sm\u00e5 belopp och ha lika stora &#8211; eller st\u00f6rre &#8211; chanser \u00e4n en tippare som inte anv\u00e4nder sig av det h\u00e4r programmet. Som exempel kan du l\u00e4mna in en kupong som normalt kostar 5 184 kr utan TipsPro f\u00f6r bara 136 kr med TipsPro. D\u00e5 \u00e4r du garanterad minst 11 r\u00e4tt och har n\u00e4stan 40 % chans till 12 r\u00e4tt varje g\u00e5ng bara teckenramen f\u00f6r systemet h\u00e5ller. \u00c4r du en erfaren systemspelare s\u00e5 kan du anv\u00e4nda dig av en mer avancerad niv\u00e5 och s\u00e4tta upp stora komplicerade system med mycket kraftfulla reduktioner.\n\t\t<\/p>\n<p>\n\t\tProgrammet har en snabbguide samt omfattande manual med programbilder och exempel, automatisk nerladdning av matcher och lag, statistik och data-analys. Man kan v\u00e4lja att spela chansspel f\u00f6r ett best\u00e4mt belopp och programmet har b\u00e5de kupong- och systemutskriftsfunktion. TipsPro har \u00e4ven automatisk vinstkontroll som g\u00f6r att du kan f\u00f6lja vinstchanser och prognoser medan matcherna p\u00e5g\u00e5r.\n\t\t<\/p>\n<p>\n\t\tSpela st\u00f6rre tipssystem \u00e4n du brukar och vinn oftare &#8211; till l\u00e4gre pris \u00e4n du normalt betalar!\n\t\t<\/p>\n<table style=\"width:100%\">\n<tr>\n<td><img decoding=\"async\" src=\"\/se\/sport\/images\/TippEnkelLite.gif\" data-src=\"TippProEnkel_Stor.jpg\"\/><\/td>\n<td><img decoding=\"async\" src=\"\/se\/sport\/images\/TippMediumLite.gif\" data-src=\"TippProMedium_Stor.jpg\"\/><\/td>\n<td><img decoding=\"async\" src=\"\/se\/sport\/images\/TippAvansertLite.gif\" data-src=\"TippProAvansert_Stor.jpg\"\/><\/td>\n<\/tr>\n<\/table>\n<p>\t\t<a href=\"\/se\/sport\/download\/setupsystemspel.exe\"><br \/>\n\t\t<button type=\"button\">Ladda ner nu<\/button><br \/>\n\t\t<\/a>\n    <\/div>\n<div class=\"content-section space-above-2x\">\n<h3>Oddset Bomben<\/h3>\n<p>\n\t\tAlla funktioner i en enda programbild g\u00f6r att man f\u00e5r en mycket bra \u00f6versikt \u00f6ver systemuppst\u00e4llningen i BombenPro. Programmet har m\u00e5nga effektiva och sp\u00e4nnande reduktioner p\u00e5 matchresultat, garderingar och utg\u00e5ngstips. BombenPro har \u00e4ven en garantireduktion som kan spelas i steg fr\u00e5n 5 till 100 %. Min.\/max. antal gjorda m\u00e5l av lag och min.\/max. antal m\u00e5l i matcher ger kraftfulla prisreduktioner med fortsatt bra vinstchans. Analys- och statistikmodulen g\u00f6r att du kan kontrollera ditt system mot tidigare Bomben-omg\u00e5ngar under \u00e5ren.\n<\/p>\n<p>\nProgrammet har en snabbguide samt omfattande manual med programbilder och exempel, automatisk nerladdning av spelobjekt, statistik och data-analys. Du kan t.ex. v\u00e4lja att spela chansspel f\u00f6r ett best\u00e4mt belopp och du har b\u00e5de kupong- och systemutskriftsfunktion.\n<\/p>\n<p>\nOddset\/Bomben \u00e4r som gjort f\u00f6r systemspel &#8211; BombenPro m\u00e5ste absolut provas!\n\t\t<\/p>\n<table style=\"width:100%\">\n<tr>\n<td><img decoding=\"async\" src=\"\/se\/sport\/images\/BombenEnkelLite.gif\" data-src=\"BombenEnkelStor.jpg\"\/><\/td>\n<td><img decoding=\"async\" src=\"\/se\/sport\/images\/BombenMediumLite.gif\" data-src=\"BombenMediumstor.jpg\"\/><\/td>\n<td><img decoding=\"async\" src=\"\/se\/sport\/images\/BombenAvansertLite.gif\" data-src=\"BombenAvansertstor.jpg\"\/><\/td>\n<\/tr>\n<\/table>\n<p>\t\t<a href=\"\/se\/sport\/download\/setupsystemspel.exe\"><br \/>\n\t\t<button type=\"button\">Ladda ner nu<\/button><br \/>\n\t\t<\/a>\n    <\/div>\n<div class=\"content-section space-above-2x\">\n<h3>Oddset L\u00e5ngen<\/h3>\n<p>\n\t\tOddsPro \u00e4r det verktyg du beh\u00f6ver f\u00f6r att vinna regelbundet p\u00e5 Oddset\/L\u00e5ngen. Spelar du system p\u00e5 L\u00e5ngen \u00f6kar du verkligen dina vinstm\u00f6jligheter. Med OddsPro kan du b\u00e5de gardera matcher och spela grupper utan att \u00f6ka inl\u00e4mningspriset &#8211; det enda du \u00f6kar \u00e4r dina vinstchanser! Om en kupong med t.ex. ett helgarderat Fyrlingsystem kostar 810 kr att l\u00e4mna in utan att spela systemspel s\u00e5 beh\u00f6ver du bara betala 210 kr med OddsPro. Du kommer ner i detta l\u00e5ga inl\u00e4mningspris genom att s\u00e4tta krav p\u00e5 att du m\u00e5ste ha r\u00e4tt tecken med i tv\u00e5 av tre matcher.\n<\/p>\n<p>\nProgrammet har en snabbguide samt omfattande manual med programbilder och exempel. OddsPro har automatisk nerladdning av veckans L\u00e5ngenprogram och man kan t.ex. v\u00e4lja att spela chansspel f\u00f6r ett best\u00e4mt belopp. BombenPro har b\u00e5de kupong- och systemutskriftsfunktion och \u00e4ven automatisk vinstkontroll som g\u00f6r att du kan f\u00f6lja vinstchanserna f\u00f6r varje m\u00e5l.\n<\/p>\n<p>\nVill du vinna ofta p\u00e5 Oddset\/L\u00e5ngen ska du spela med OddsPro!\n\t\t<\/p>\n<table style=\"width:100%\">\n<tr>\n<td><img decoding=\"async\" src=\"\/se\/sport\/images\/OddsProEnkelLite.gif\" data-src=\"OddsProEnkelStor.gif\"\/><\/td>\n<td><img decoding=\"async\" src=\"\/se\/sport\/images\/OddsProMediumLite.gif\" data-src=\"OddsProMediumStor.gif\"\/><\/td>\n<td><img decoding=\"async\" src=\"\/se\/sport\/images\/OddsProAvansertLite.gif\" data-src=\"OddsProAvansertStor.gif\"\/><\/td>\n<\/tr>\n<\/table>\n<p>\t\t<a href=\"\/se\/sport\/download\/setupsystemspel.exe\"><br \/>\n\t\t<button type=\"button\">Ladda ner nu<\/button><br \/>\n\t\t<\/a>\n    <\/div>\n<div class=\"content-section space-above-2x\">\n<h3>Lotto<\/h3>\n<p>\n\t\tLottoPro ger dig m\u00f6jlighet att f\u00e5 med fler nummer till ett l\u00e4gre inl\u00e4mningspris \u00e4n vad du normalt skulle f\u00e5 betala. Med m\u00e5nga nummer blir det extra sp\u00e4nnande i dragningarna p\u00e5 onsdagar och l\u00f6rdagar! Alla funktioner i en enda programbild g\u00f6r programmet mycket \u00f6versk\u00e5dligt. Programmet har m\u00e5nga sp\u00e4nnande och effektiva reduktionsm\u00f6jligheter p\u00e5 flera niv\u00e5er som f\u00e5r ner ditt inl\u00e4mningspris &#8211; samtidigt som du har kontroll \u00f6ver dina reduceringar. Du kan spela p\u00e5 dina s.k. &#8220;turnummer&#8221;, min.\/max. antal udda och j\u00e4mna nummer, fyra l\u00e4gsta och fyra h\u00f6gsta nummer bara f\u00f6r att n\u00e4mna n\u00e5gra av de m\u00e5nga reduceringar som finns i programmet. Att v\u00e4lja mellan garantierna &#8220;Alltid 4, 5 eller 6 r\u00e4tt&#8221; reducerar ocks\u00e5 priset en hel del. Du kan anv\u00e4nda upp till 70 stycken utg\u00e5ngsrader och \u00e4ven spela kategorispel p\u00e5 alla reduktioner som du har anv\u00e4nt dig av i systemuppst\u00e4llningen. LottoPro har \u00e4ven en modul med statistik fr.o.m. den allra f\u00f6rsta Lottodragningen \u00e5r 1980.\n<\/p>\n<p>\nLottoPro \u00e4r ett snabbt, avancerat och enkelt program f\u00f6r stora Lottovinster! Programmet har b\u00e5de en snabbguide samt omfattande manual med programbilder och exempel. Programmet har automatisk nerladdning av statistik och \u00e4ven en data-analys. Du kan v\u00e4lja att spela chansspel f\u00f6r ett best\u00e4mt belopp och du har b\u00e5de kupong- och systemutskriftsfunktion. LottoPro har ocks\u00e5 en automatisk vinstkontroll som g\u00f6r att du kan f\u00f6lja vinstchanserna medan dragningen p\u00e5g\u00e5r i TV.\n\t\t<\/p>\n<table style=\"width:100%\">\n<tr>\n<td><img decoding=\"async\" src=\"\/se\/sport\/images\/LottoEnkelLite.gif\" data-src=\"LottoProEnkel_Stor.jpg\"\/><\/td>\n<td><img decoding=\"async\" src=\"\/se\/sport\/images\/LottoMediumLite.gif\" data-src=\"LottoProMedium_Stor.jpg\"\/><\/td>\n<td><img decoding=\"async\" src=\"\/se\/sport\/images\/LottoAvansertLite.gif\" data-src=\"LottoProAvansert_Stor.jpg\"\/><\/td>\n<\/tr>\n<\/table>\n<p>\t\t<a href=\"\/se\/sport\/download\/setupsystemspel.exe\"><br \/>\n\t\t<button type=\"button\">Ladda ner nu<\/button><br \/>\n\t\t<\/a>\n    <\/div>\n<\/div>\n<hr>\n<div class=\"content-section space-above-2x\">\n    <a id=\"kombirader\"><\/p>\n<h1 style=\"display: block\">Kombi-Rader<\/h1>\n<p><\/a><\/p>\n<div>\n<h3>Stryktipset\/Europatipset<\/h3>\n<p>\t\t<img decoding=\"async\" src=\"\/se\/sport\/images\/kombirader-620x390.png\" class=\"big-image\" style=\"float:right\"\/><\/p>\n<p>\n\t\tKombi-rader \u00e4r utvecklat f\u00f6r att b\u00e5de kunna spela enkelrader och garderade rader och d\u00e5 kunna l\u00e4mna in som enkelrader direkt till SvS som fil. H\u00e4r kan du l\u00e4gga in dina M och R system och p\u00e5 det l\u00e4gga till dina garderingar.\n\t\t<\/p>\n<p>\n\t\tDu ser l\u00e4tt hur priset f\u00f6r\u00e4ndras dynamiskt f\u00f6r alla rader som s\u00e4tts samman till enkelrader f\u00f6r att sedan klicka p\u00e5 &#8220;L\u00e4mna in spel&#8221; Programmet kan anv\u00e4ndas p\u00e5 valfri plattform.\n\t\t<\/p>\n<p>\t\t<br style=\"clear: both\"\/><br \/>\n\t\t<a href=\"\/\/www.radsoft.eu\/se\/sport\/kombi-rader-tipset\/\"><br \/>\n\t\t<button type=\"button\">SPELA DIREKT NU<\/button><br \/>\n\t\t<\/a>\n    <\/div>\n<\/div>\n<hr>\n<div class=\"content-section space-above-2x\">\n        <a id=\"bombenvx\"><\/p>\n<h1>Bomben VX<\/h1>\n<p><\/a><\/p>\n<h3>Oddset Bomben<\/h3>\n<p>\t\t<img decoding=\"async\" src=\"\/se\/sport\/images\/BombenVX.jpg\" class=\"big-image\" style=\"float:right\"\/><\/p>\n<p>\n\t\tBomben VX \u00e4r det program som sl\u00e5r det mesta att kunna spela reducerade system p\u00e5 Oddset Bomben med kort stubin till de h\u00f6ga oddsen, speciellt med spel p\u00e5 4 matcher. N\u00e4r du spelar l\u00e4mnar du snabbt och enkelt in ditt system direkt \u00f6ver Internet mot Svenska Spel, s\u00e5 mycket enklare och b\u00e4ttre kan inte bli.\n<\/p>\n<p>\nOddset Bomben \u00e4r ett av sportspelen fr\u00e5n Svenska Spel som har blivit mycket popul\u00e4rt och har sitt ursprung fr\u00e5n Finland. Att spelformen \u00e4ven blivit en succ\u00e9 i Sverige beror p\u00e5 att det ofta f\u00f6rekommer mycket h\u00f6ga odds och d\u00e4rmed bra vinstutdelningar, men ocks\u00e5 f\u00f6r det l\u00e5ga radpriset p\u00e5 en krona.\n<\/p>\n<p>\nFr\u00e5n och med den 28 januari 2008 introducerade Svenska Spel Bomben med fyra matcher. Detta g\u00f6r att spelformen passar \u00e4nnu b\u00e4ttre f\u00f6r att spela reducerade system d\u00e4r nuvarande oddsrekord p\u00e5 2 043 523 g\u00e5nger pengarna.\n<\/p>\n<p>\nAtt spela reducerade system \u00f6ver denna spelform \u00e4r som handen i handsken d\u00e4r Bomben VX \u00e4r det optimala verktyget att f\u00e5 en mycket st\u00f6rre bredd i dina garderingar till en klart effektivare kostnad\/vinstchans. Men Bomben VX blir du en vinnare i l\u00e4ngden och kanske det blir just DU som spr\u00e4nger det gamla oddsrekordet genom att spela smart och s\u00e4tta spelet i system med RADsoft\n<\/p>\n<p>\n<strong>Bomben-VX \u00e4r helt gratis att anv\u00e4nda. Som gr\u00e4dde p\u00e5 moset finns fr om Juni 2017 \u00e4ven en avancerad version, som skapar alla m\u00f6jligheter f\u00f6r spelaren som vill optimera sitt system. Uppgradering sker automatiskt f\u00f6r de kunder som har tidigare version. <\/strong>\n<\/p>\n<p>\nBomben VX \u00e4r utvecklat f\u00f6r s\u00e5v\u00e4l nyb\u00f6rjan och den mer erfarne spelaren d\u00e4r du har alla funktioner i en enda programbild, som g\u00f6r att du f\u00e5r en mycket bra \u00f6versikt \u00f6ver din systemuppst\u00e4llning av ditt spel. H\u00e4r kan du v\u00e4lja effektiva och sp\u00e4nnande reduktioner p\u00e5 matchresultat, garderingar, utg\u00e5ngstips, min\/max antal gjorda m\u00e5l av lag, min\/max. antal m\u00e5l i matcher som samtliga ger kraftfulla prisreduktioner med bra vinstchans. Med Bomben VX kan du \u00e4ven spela &#8220;chansspel&#8221; f\u00f6r ett best\u00e4mt belopp i f\u00f6rh\u00e5llande till vinstgarantin i steg fr\u00e5n 5 till 100 %.\n<\/p>\n<p>\nProgrammet har en tydlig manual med programbilder och exempel och automatisk nerladdning av spelobjekt. N\u00e4r du startar upp programmet sker alla uppdateringar och uppgraderingar automatiskt. Du beh\u00f6ver aldrig mer f\u00e5 kr\u00e5ngel med att ladda ner nya versioner med r\u00e4ttningar, etc. Du har \u00e4ven system, kupong och f\u00f6rdelningsutskrift av dina system. Mycket enklare \u00e4n s\u00e5 h\u00e4r kan det inte bli att h\u00e5lla krutet torrt.\n<\/p>\n<p>\nF\u00f6rutom att du f\u00f6rb\u00e4ttrar dina vinstchanser med Bomben VX s\u00e5 h\u00e5ller \u00e4ven sp\u00e4nningen i sig l\u00e4ngre och du kan r\u00e4tta matcherna i realtid eller i smyg med en snabb \u00f6verblick av utfallet. Allt blir s\u00e5 mycket mer l\u00e4ttf\u00f6rst\u00e5eligt, sp\u00e4nnande och underh\u00e5llande.\n<\/p>\n<p>\nN\u00e4r du \u00e4r klar med ditt system levererar du spelet enkelt direkt \u00f6ver internet mot Svenska Spel. Det g\u00e5r \u00e4ven maila systemen till kompisar och kunna spela tillsammans att f\u00f6rb\u00e4ttra sina vinstchanser.\n\t\t<\/p>\n<p>\t\t<br style=\"clear: both\"\/><br \/>\n\t\t<a href=\"\/se\/sport\/download\/setupbombenvx.exe\"><br \/>\n\t\t<button type=\"button\">Ladda ner nu<\/button><br \/>\n\t\t<\/a>\n    <\/div>\n<hr>\n<div class=\"content-section space-above-2x\">\n        <a id=\"malbonanza\"><\/p>\n<h1>M\u00e5lBonanza<\/h1>\n<p><\/a><\/p>\n<h3>M\u00e5ltipset<\/h3>\n<p>\t\t<img decoding=\"async\" src=\"\/se\/sport\/images\/mt.jpg\" class=\"big-image\" style=\"float:right\"\/><\/p>\n<p>\n\t\tSpela m\u00e5ltipset smart och enkelt med M\u00e5lBonanza, s\u00e5 f\u00f6rst\u00e5r du snabbt f\u00f6rdelarna med att s\u00e4tta spelet i system. PC-programmet inneh\u00e5ller systemspel f\u00f6r m\u00e5ltipset, med anpassning f\u00f6r inl\u00e4mning av spelet \u00f6ver internet till Svenska Spel.\n<\/p>\n<p>\nM\u00e5ltipset har blivit k\u00e4nt som Sportspelarnas h\u00f6gvinstspel och lanserades 1983, d\u00e4r den svenska spelid\u00e9n \u00e4ven blev succ\u00e9 ocks\u00e5 i andra l\u00e4nder just p\u00e5 grund av de ofta f\u00f6rkommande h\u00f6ga utdelningarna. Man kan se M\u00e5ltipset som en utmaning och komplement f\u00f6r stryktipparen d\u00e4r b\u00e5de skicklighet, och en god portion tur kan ge den som prickar \u00e5tta r\u00e4tt, flera fina runda millijoner i vinster.\n<\/p>\n<p>\nM\u00e5lBonanza \u00e4r utvecklat f\u00f6r s\u00e5v\u00e4l nyb\u00f6rjaren och den mer erfarna tipparen med \u201dflytande\u201d hj\u00e4lptext f\u00f6r varje funktion och reducering. Vidare kan du klicka p\u00e5 respektive match f\u00f6r information med ett speciellt framr\u00e4knat m\u00e5lindex som rankar lagen\/matcherna matcherna var f\u00f6r sig. Fr\u00e5n denna ranking kan du sedan h\u00e4mta f\u00e4rdiga ramuppst\u00e4llningar som utg\u00f6r grunden f\u00f6r ditt system med b\u00e4sta index\/rank som du sedan kan anpassa efter egna id\u00e9er och kunskaper. Med M\u00e5lBonanza kan du f\u00f6rb\u00e4ttra dina vinstchanser maximalt genom att spela reducerat p\u00e5 ett smart nytt och sp\u00e4nnande s\u00e4tt. Inom programmet ing\u00e5r en manual, som mera ing\u00e5ende beskriver programmets alla f\u00f6rdelar.\n<\/p>\n<p>\nMan kan \u00e4ven till viss del se M\u00e5ltipset som Lotto som tillh\u00f6r kategorin nummerspel, d\u00e4r det p\u00e5 m\u00e5ltipskupongen finns 30 fotbollsmatcher. F\u00f6r spelaren g\u00e4ller det h\u00e4r att tippa de 8 m\u00e5lrikaste av dessa. Om ingen har 8 r\u00e4tt f\u00f6rs vinstsumman \u00f6ver till f\u00f6ljande vecka, med en s.k. Jackpot.\n<\/p>\n<p>\nSkillnaden med m\u00e5ltipset och lotto \u00e4r dock att det inte bara \u00e4r tillf\u00e4lligheter som avg\u00f6r om man vinner. Detta att med M\u00e5lbonanza ta del av n\u00e4tets alla m\u00f6jligheter med sk experttips samt programmets egna rank\/index, klart f\u00f6rb\u00e4ttra sina vinstm\u00f6jligheter genom att spela reducerat och g\u00f6ra det hela lite mer sp\u00e4nnande och intressant, d\u00e4r \u00e4ven maggropsk\u00e4nslan har sitt att s\u00e4ga till om. Detta hellre \u00e4n att bara fr\u00e5ga om en f\u00e4rdig kupong hos sitt spelombud. Alla de h\u00f6ga utdelningarna indikerar dock att detta \u00e4r v\u00e4sentligt mycket sv\u00e5rare \u00e4n vad m\u00e5nga tror. F\u00f6r att kunna f\u00e5 med tillr\u00e4ckligt antal matcher till ett vettigt inl\u00e4mningspris \u00e4r reducerat systemspel l\u00f6sningen.\n\t\t<\/p>\n<p>\t\t<br style=\"clear: both\"\/><br \/>\n\t\t<a href=\"\/se\/sport\/download\/setupmaltipset.exe\"><br \/>\n\t\t<button type=\"button\">Ladda ner nu<\/button><br \/>\n\t\t<\/a>\n    <\/div>\n<hr>\n<div class=\"content-section space-above-2x\">\n        <a id=\"radsoftlive\"><\/p>\n<h1>RADsoft Live<\/h1>\n<p><\/a><\/p>\n<h3>Stryktipset \/ Europatipset \/ Topptipset \/ Powerplay \/ Bomben<\/h3>\n<p>\t\t<img decoding=\"async\" src=\"https:\/\/www.radsoft.eu\/se\/sport\/wp-content\/uploads\/2018\/03\/RadsoftLive.png\" class=\"big-image\" style=\"float:right\"\/><\/p>\n<p>\n\t\tRADsoft Live \u00e4r skapat f\u00f6r att g\u00f6ra det s\u00e5 enkelt som m\u00f6jligt f\u00f6r v\u00e5ra kunder att med automatik kunna l\u00e4mna sitt system till v\u00e5ran Live sida, integrerat med v\u00e5ra program. Detta s\u00e5 att alla som \u00e4r med i ett bolag eller andelsspel l\u00e4tt kan f\u00f6lja r\u00e4ttningen av systemet fr\u00e5n vilken enhet som helst som har en internetuppkoppling och kunna f\u00e5 en sp\u00e4nnande upplevelse tillsammans.\n<\/p>\n<p>\nSom standard s\u00e5 finns en Liver\u00e4ttning direkt inom v\u00e5ra program, men det \u00e4r ju inte alltid alla medlemmar i ett bolagsspel har tillg\u00e5ng till sj\u00e4lva programmet som systemet \u00e4r skapat med. Det kan \u00e4ven vara s\u00e5 att bolagsh\u00e5llaren inte vill l\u00e4gga ut systemet i sin helhet med vilka reduceringar som anv\u00e4nts.<\/p>\n<p>Spelformer som st\u00f6ds \u00e4r Stryk- och Europatipset, ToppTipset f\u00f6r alla dagar i veckan samt Oddset\/Bomben. Vidare s\u00e5 kommer vi fram\u00f6ver  \u00e4ven inf\u00f6ra olika former av priser, t\u00e4vlingar, topplistor och ligor som sammanst\u00e4lls  inom vissa intervaller. F\u00f6r att l\u00e4sa vidare vilka program du kan anv\u00e4nda och hur du registrerar dig s\u00e5 kan du l\u00e4sa vidare om detta fr\u00e5n RADsoft Live.\n<\/p>\n<p>\t\t<br style=\"clear: both\"\/><br \/>\n\t\t<a href=\"\/se\/sport\/live\/\"><br \/>\n\t\t<button type=\"button\">G\u00e5 till RADsoft Live&#8230;<\/button><br \/>\n\t\t<\/a><\/p><\/div>\n<\/section>\n","protected":false},"excerpt":{"rendered":"<p>SystemXperten F\u00f6r Stryk, Europa, Topptipset, Powerplay, Oddset Bomben och M\u00e5ltipset SystemXperten \u00e4r ett resultat i teknikens framkant av en helt ny applikation som v\u00e5ra kunder mer och mer efterfr\u00e5gat, n\u00e4mligen att kunna spela reducerade system p\u00e5 alla typer av PC, Mac datorer, L\u00e4splattor, Smartphones och Linux. Med detta kan du spela dina system smart, enkelt, [&hellip;]<\/p>\n","protected":false},"author":1,"featured_media":0,"parent":0,"menu_order":0,"comment_status":"closed","ping_status":"closed","template":"","meta":{"footnotes":""},"class_list":["post-510","page","type-page","status-publish","hentry"],"_links":{"self":[{"href":"https:\/\/www.radsoft.eu\/se\/sport\/wp-json\/wp\/v2\/pages\/510","targetHints":{"allow":["GET"]}}],"collection":[{"href":"https:\/\/www.radsoft.eu\/se\/sport\/wp-json\/wp\/v2\/pages"}],"about":[{"href":"https:\/\/www.radsoft.eu\/se\/sport\/wp-json\/wp\/v2\/types\/page"}],"author":[{"embeddable":true,"href":"https:\/\/www.radsoft.eu\/se\/sport\/wp-json\/wp\/v2\/users\/1"}],"replies":[{"embeddable":true,"href":"https:\/\/www.radsoft.eu\/se\/sport\/wp-json\/wp\/v2\/comments?post=510"}],"version-history":[{"count":116,"href":"https:\/\/www.radsoft.eu\/se\/sport\/wp-json\/wp\/v2\/pages\/510\/revisions"}],"predecessor-version":[{"id":1366,"href":"https:\/\/www.radsoft.eu\/se\/sport\/wp-json\/wp\/v2\/pages\/510\/revisions\/1366"}],"wp:attachment":[{"href":"https:\/\/www.radsoft.eu\/se\/sport\/wp-json\/wp\/v2\/media?parent=510"}],"curies":[{"name":"wp","href":"https:\/\/api.w.org\/{rel}","templated":true}]}}