{"id":41,"date":"2016-03-04T12:06:45","date_gmt":"2016-03-04T12:06:45","guid":{"rendered":"http:\/\/localhost:8888\/spilleksperter\/?page_id=41"},"modified":"2018-12-31T07:54:20","modified_gmt":"2018-12-31T07:54:20","slug":"kontakt","status":"publish","type":"page","link":"https:\/\/www.radsoft.eu\/se\/sport\/kontakt\/","title":{"rendered":"Om RADsoft"},"content":{"rendered":"<div class=\"wide-p\" style=\"max-width: 1030px; margin: auto; text-align: left;\">\n<p class=\"small space-above-2x\"><strong>RADsoft AS blev etablerat 1994 och aff\u00e4rsid\u00e9n var att utveckla digitala spelsystem med program, information och tips f\u00f6r de ledande spelformerna inom den Nordiska marknaden.<\/strong><\/p>\n<p class=\"small space-above-2x\">Utvecklingen har \u00f6ver tiden skapat ledande program, tj\u00e4nster och produktutveckling samt webbutveckling f\u00f6r b\u00e5de sportspel och trav. F\u00f6retagets huvudkontor ligger i Sandefjord, men har \u00e4ven bolag i Sverige.<\/p>\n<p class=\"small space-above-2x\">Vi har fram till idag mer \u00e4n 20 \u00e5rs erfarenhet och har p\u00e5 marknaden det mest kompletta och bredaste utbudet p\u00e5 ett och samma st\u00e4lle med program f\u00f6r systemspel. Alla program och tj\u00e4nster \u00e4r utvecklade f\u00f6r de mest vanliga spelformerna hos Norsk Tipping, Norsk Rikstoto, Svenska Spel, ATG, Dansk Tipstjeneste och DanToto.<\/p>\n<p><!--\n\n\n<p class=\"space-above-2x\">\n<iframe frameborder=\"0\" scrolling=\"no\" allowtransparency=\"true\" style=\"width:100%; height:240px;\" src=\"\/\/widget.tippebannere.no\/v3\/2.0\/Tallspill\/TallspillKomigang.aspx?d=0&amp;t=0&amp;kigb=1&amp;s=1&amp;kigt1=SPILL%20OG%20RESULTATER&amp;kigt2=Hvor%20du%20vil%2C%20n%C3%A5r%20du%20vil&amp;kiglogo=color&amp;posID=900&amp;p=RADsoft%20AS&amp;WT.mc_id=RADsoft_Forside_Venstre_spillboks-komigang\"><\/iframe>\n\n--><\/p>\n<div class=\"SvenskaSpel\" style=\"width: 50%; margin: auto; margin-top: 35px;\">\n<p><script type=\"text\/javascript\">\nvar uri = 'https:\/\/impse.tradedoubler.com\/imp?type(js)g(24487486)a(1939238)' + new String (Math.random()).substring (2, 11);\ndocument.write('<sc'+'ript type=\"text\/javascript\" src=\"'+uri+'\" charset=\"ISO-8859-1\"><\/sc'+'ript>');\n<\/script><\/p>\n<\/div>\n<p class=\"small space-above-2x\">Fram till idag har vi distribuerat \u00f6ver 500 000 produkter\/tj\u00e4nster f\u00f6r v\u00e5ra kunder och \u00e4r ledande leverant\u00f6r som digitalt ombud f\u00f6r de Nordiska speloperat\u00f6rerna inom sportspel och trav.<\/p>\n<p class=\"small space-above-2x\">I flera oberoende tester vi f\u00e5tt h\u00f6gsta betyg till b\u00e4sta, mest avancerade och anv\u00e4ndarv\u00e4nliga systemspels produkter inom Norge och Sverige.<\/p>\n<p class=\"small space-above-2x\">V\u00e5ra program, n\u00e4tsidor och tj\u00e4nster \u00e4r mycket uppskattade av v\u00e5ra kunder och \u00e4r helt gratis att anv\u00e4nda inom tips och sportspel. Inom v\u00e5ra tj\u00e4nster ger vi \u00e4ven speltips och spelunderlag som alla har nytta av, som en ledtr\u00e5d till miljonerna. Detta kan dock skilja sig mellan l\u00e4nderna. Vill du anv\u00e4nda v\u00e5ra produkter och tj\u00e4nster inom TRAV bes\u00f6k www.totopro.se.<\/p>\n<p class=\"small space-above-2x\">F\u00f6r alla v\u00e5ra kunder s\u00e5 svarar vi p\u00e5 fr\u00e5gor och ger hj\u00e4lp alla dagar om \u00e5ret med senast svar 24 timmar senare. V\u00e5r statistik s\u00e4ger dock att vi svarar alla kunder inom n\u00e5gra timmar med upp till 95 procent. Vi finns med andra ord tillg\u00e4ngliga n\u00e4r du som b\u00e4st beh\u00f6ver saklig hj\u00e4lp, vardag som helg.<\/p>\n<p class=\"small space-above-2x\"><strong class=\"\">F\u00f6r v\u00e5ra kunder har vi RADsoft ligan. H\u00e4r har v\u00e5r b\u00e4sta M\u00c4STERTIPPARE fram till v\u00e5ren 2017, tagit hem hela 32 vinster med 13 r\u00e4tt p\u00e5 Stryk- och Europatipset. Vad det g\u00e4ller Bomben har samma kund tappat r\u00e4kningen f\u00f6r l\u00e4nge sedan\u2026<\/strong><\/p>\n<p class=\"small space-above-2x\">Om du har fr\u00e5gor och funderaringar om v\u00e5rt f\u00f6retag, produkter och tj\u00e4nster \u00e4r du v\u00e4lkommen att skriva till info@radsoft.se<\/p>\n<p class=\"small space-above-2x\">RADsoft AS<br \/>\nPb. 39<br \/>\n3249 SANDEFJORD<\/p>\n<p class=\"small space-above-2x\">E-post: info@radsoft.se<\/p>\n<p class=\"small space-above-2x\">Kontaktperson Sverige: Tord Widen<\/p>\n<p class=\"small space-above-2x\">Telefon: 070 274 13 80<\/p>\n<\/div>\n","protected":false},"excerpt":{"rendered":"<p>RADsoft AS blev etablerat 1994 och aff\u00e4rsid\u00e9n var att utveckla digitala spelsystem med program, information och tips f\u00f6r de ledande spelformerna inom den Nordiska marknaden. Utvecklingen har \u00f6ver tiden skapat ledande program, tj\u00e4nster och produktutveckling samt webbutveckling f\u00f6r b\u00e5de sportspel och trav. F\u00f6retagets huvudkontor ligger i Sandefjord, men har \u00e4ven bolag i Sverige. Vi har [&hellip;]<\/p>\n","protected":false},"author":1,"featured_media":0,"parent":0,"menu_order":5,"comment_status":"closed","ping_status":"closed","template":"kontakt.php","meta":{"footnotes":""},"class_list":["post-41","page","type-page","status-publish","hentry"],"_links":{"self":[{"href":"https:\/\/www.radsoft.eu\/se\/sport\/wp-json\/wp\/v2\/pages\/41","targetHints":{"allow":["GET"]}}],"collection":[{"href":"https:\/\/www.radsoft.eu\/se\/sport\/wp-json\/wp\/v2\/pages"}],"about":[{"href":"https:\/\/www.radsoft.eu\/se\/sport\/wp-json\/wp\/v2\/types\/page"}],"author":[{"embeddable":true,"href":"https:\/\/www.radsoft.eu\/se\/sport\/wp-json\/wp\/v2\/users\/1"}],"replies":[{"embeddable":true,"href":"https:\/\/www.radsoft.eu\/se\/sport\/wp-json\/wp\/v2\/comments?post=41"}],"version-history":[{"count":59,"href":"https:\/\/www.radsoft.eu\/se\/sport\/wp-json\/wp\/v2\/pages\/41\/revisions"}],"predecessor-version":[{"id":1077,"href":"https:\/\/www.radsoft.eu\/se\/sport\/wp-json\/wp\/v2\/pages\/41\/revisions\/1077"}],"wp:attachment":[{"href":"https:\/\/www.radsoft.eu\/se\/sport\/wp-json\/wp\/v2\/media?parent=41"}],"curies":[{"name":"wp","href":"https:\/\/api.w.org\/{rel}","templated":true}]}}