{"id":39,"date":"2016-03-04T12:06:39","date_gmt":"2016-03-04T12:06:39","guid":{"rendered":"http:\/\/localhost:8888\/spilleksperter\/?page_id=39"},"modified":"2019-01-10T12:42:58","modified_gmt":"2019-01-10T12:42:58","slug":"faq","status":"publish","type":"page","link":"https:\/\/www.radsoft.eu\/se\/sport\/faq\/","title":{"rendered":"FAQ"},"content":{"rendered":"<p>H\u00e4r f\u00e5r du svar p\u00e5 ofta f\u00f6rekommande fr\u00e5gor. Om du inte hittar vad du s\u00f6ker, skicka d\u00e5 mail till <a href=\"mailto:info@radsoft.se\">info@radsoft.se<\/a><\/p>\n<div class=\"SvenskaSpel\" style=\"width: 50%; margin: auto; margin-top: 35px;\">\n<p class=\"space-above\">\n<p><script type=\"text\/javascript\">\nvar uri = 'https:\/\/impse.tradedoubler.com\/imp?type(js)g(24490896)a(1939238)' + new String (Math.random()).substring (2, 11);\ndocument.write('<sc'+'ript type=\"text\/javascript\" src=\"'+uri+'\" charset=\"ISO-8859-1\"><\/sc'+'ript>');\n<\/script><\/p>\n<\/div>\n<p style= font-size:14px; text-align:center;\">\n<p><b>Notera!<\/b> Med anv\u00e4ndande av v\u00e5ra program s\u00e5 \u00e4r detta f\u00f6r kunden en f\u00f6rberedelse att l\u00e4gga sitt spel. Betalning och slutf\u00f6rande av spelet l\u00e4nkas sedan direkt till spellicensinnehavaren Svenska Spel Sport &#038; Casino AB .<\/p>\n<p><!--\n\n\n<p class=\"space-above\">\n<iframe frameborder=\"0\" scrolling=\"no\" allowtransparency=\"true\" style=\"width:100%; height:240px;\" src=\"\/\/widget.tippebannere.no\/v3\/2.0\/Tallspill\/TallspillKomigang.aspx?d=0&amp;t=0&amp;kigb=1&amp;s=1&amp;kigt1=SPILL%20OG%20RESULTATER&amp;kigt2=Hvor%20du%20vil%2C%20n%C3%A5r%20du%20vil&amp;kiglogo=color&amp;posID=900&amp;p=RADsoft%20AS&amp;WT.mc_id=RADsoft_Forside_Venstre_spillboks-komigang\"><\/iframe>\n<\/p>\n\n\n--><\/p>\n","protected":false},"excerpt":{"rendered":"<p>H\u00e4r f\u00e5r du svar p\u00e5 ofta f\u00f6rekommande fr\u00e5gor. Om du inte hittar vad du s\u00f6ker, skicka d\u00e5 mail till info@radsoft.se<\/p>\n","protected":false},"author":1,"featured_media":0,"parent":0,"menu_order":4,"comment_status":"closed","ping_status":"closed","template":"faq.php","meta":{"footnotes":""},"class_list":["post-39","page","type-page","status-publish","hentry"],"_links":{"self":[{"href":"https:\/\/www.radsoft.eu\/se\/sport\/wp-json\/wp\/v2\/pages\/39","targetHints":{"allow":["GET"]}}],"collection":[{"href":"https:\/\/www.radsoft.eu\/se\/sport\/wp-json\/wp\/v2\/pages"}],"about":[{"href":"https:\/\/www.radsoft.eu\/se\/sport\/wp-json\/wp\/v2\/types\/page"}],"author":[{"embeddable":true,"href":"https:\/\/www.radsoft.eu\/se\/sport\/wp-json\/wp\/v2\/users\/1"}],"replies":[{"embeddable":true,"href":"https:\/\/www.radsoft.eu\/se\/sport\/wp-json\/wp\/v2\/comments?post=39"}],"version-history":[{"count":93,"href":"https:\/\/www.radsoft.eu\/se\/sport\/wp-json\/wp\/v2\/pages\/39\/revisions"}],"predecessor-version":[{"id":1188,"href":"https:\/\/www.radsoft.eu\/se\/sport\/wp-json\/wp\/v2\/pages\/39\/revisions\/1188"}],"wp:attachment":[{"href":"https:\/\/www.radsoft.eu\/se\/sport\/wp-json\/wp\/v2\/media?parent=39"}],"curies":[{"name":"wp","href":"https:\/\/api.w.org\/{rel}","templated":true}]}}