{"id":1292,"date":"2019-09-19T11:38:58","date_gmt":"2019-09-19T11:38:58","guid":{"rendered":"https:\/\/www.radsoft.eu\/se\/sport\/?page_id=1292"},"modified":"2021-06-07T14:08:51","modified_gmt":"2021-06-07T14:08:51","slug":"kop-bolagsspel","status":"publish","type":"page","link":"https:\/\/www.radsoft.eu\/se\/sport\/spelinfo\/kop-bolagsspel\/","title":{"rendered":"K\u00f6p bolagsandelar"},"content":{"rendered":"<p><strong><br \/>\nV\u00e4lkommen till RADsoft\u00b4s bolagstj\u00e4nst att k\u00f6pa andelar av de Bolag v\u00e5ra medlemmar\/kunder lagt upp med Svenska Spels tj\u00e4nst att Spela Tillsammans. Nedan ser du vilken spelform spelet ber\u00f6r och vilken tidsfrist som g\u00e4ller f\u00f6r ditt k\u00f6p. <\/strong><\/p>\n<p>\nF\u00f6r att kunna genomf\u00f6ra ett k\u00f6p beh\u00f6ver du f\u00f6rst ett eget konto skapat hos Svenska Spel. N\u00e4r du nedan klickar p\u00e5 l\u00e4nken f\u00f6r det Bolag du v\u00e4ljer s\u00e5 kopplas du efter inloggning direkt till SvS sida som bolaget g\u00e4ller d\u00e4r du k\u00f6per dina andelar som automatiskt dras fr\u00e5n ditt konto. Om det sedan blir vinst inom spelet f\u00f6rdelas \u00e4ven din vinst motsvarande de andelar du k\u00f6pt automatiskt tillbaka till ditt SvS konto.\n<\/p>\n<p>\nS\u00e5 mycket enklare kan det inte bli delta i ett eller flera bolagsspel d\u00e4r f\u00f6rhoppningsvis bolagsh\u00e5llarna med kunskap och tur \u00e4ven blir det vinnande draget f\u00f6r dig.\n<\/p>\n<p>\nF\u00f6r b\u00e4ttre \u00f6verblick med mobil v\u00e4nd d\u00e5 enheten i liggande l\u00e4ge.\n<\/p>\n<p>\nVi \u00f6nskar alla k\u00f6pare stort <strong>LYCKA TILL<\/strong> med ert spelande till m\u00e5nga sk\u00f6na och roliga vinster\u2026\n<\/p>\n<style>\nbody header .content p { \nfont-size: 15px;\ntext-align: left;\nmargin-bottom: 10px; \n}\n@media (max-width: 1050px) {\niframe {\n    width: 100%;\n    margin: 0 auto;\n    height: 650px;\n}\n}\n@media (min-width: 1049px) {\niframe {\n    width: 80%;\n    margin: 0 auto;\n    height: 650px;\n}\n}\n<\/style>\n<p><iframe src=\"\/se\/sport\/SystemXperten\/Andelsspel\"><\/iframe><\/p>\n","protected":false},"excerpt":{"rendered":"<p>V\u00e4lkommen till RADsoft\u00b4s bolagstj\u00e4nst att k\u00f6pa andelar av de Bolag v\u00e5ra medlemmar\/kunder lagt upp med Svenska Spels tj\u00e4nst att Spela Tillsammans. Nedan ser du vilken spelform spelet ber\u00f6r och vilken tidsfrist som g\u00e4ller f\u00f6r ditt k\u00f6p. F\u00f6r att kunna genomf\u00f6ra ett k\u00f6p beh\u00f6ver du f\u00f6rst ett eget konto skapat hos Svenska Spel. N\u00e4r du nedan [&hellip;]<\/p>\n","protected":false},"author":1,"featured_media":0,"parent":43,"menu_order":0,"comment_status":"closed","ping_status":"closed","template":"spilletips.php","meta":{"footnotes":""},"class_list":["post-1292","page","type-page","status-publish","hentry"],"_links":{"self":[{"href":"https:\/\/www.radsoft.eu\/se\/sport\/wp-json\/wp\/v2\/pages\/1292","targetHints":{"allow":["GET"]}}],"collection":[{"href":"https:\/\/www.radsoft.eu\/se\/sport\/wp-json\/wp\/v2\/pages"}],"about":[{"href":"https:\/\/www.radsoft.eu\/se\/sport\/wp-json\/wp\/v2\/types\/page"}],"author":[{"embeddable":true,"href":"https:\/\/www.radsoft.eu\/se\/sport\/wp-json\/wp\/v2\/users\/1"}],"replies":[{"embeddable":true,"href":"https:\/\/www.radsoft.eu\/se\/sport\/wp-json\/wp\/v2\/comments?post=1292"}],"version-history":[{"count":22,"href":"https:\/\/www.radsoft.eu\/se\/sport\/wp-json\/wp\/v2\/pages\/1292\/revisions"}],"predecessor-version":[{"id":1374,"href":"https:\/\/www.radsoft.eu\/se\/sport\/wp-json\/wp\/v2\/pages\/1292\/revisions\/1374"}],"up":[{"embeddable":true,"href":"https:\/\/www.radsoft.eu\/se\/sport\/wp-json\/wp\/v2\/pages\/43"}],"wp:attachment":[{"href":"https:\/\/www.radsoft.eu\/se\/sport\/wp-json\/wp\/v2\/media?parent=1292"}],"curies":[{"name":"wp","href":"https:\/\/api.w.org\/{rel}","templated":true}]}}