{"id":1273,"date":"2019-09-09T09:15:54","date_gmt":"2019-09-09T09:15:54","guid":{"rendered":"https:\/\/www.radsoft.eu\/se\/sport\/?page_id=1273"},"modified":"2019-09-19T12:36:09","modified_gmt":"2019-09-19T12:36:09","slug":"skap-ditt-andelsspel","status":"publish","type":"page","link":"https:\/\/www.radsoft.eu\/se\/sport\/spelinfo\/skap-ditt-andelsspel\/","title":{"rendered":"RADsoft&#8217;s Bolagstj\u00e4nst"},"content":{"rendered":"<p><strong>V\u00e4lkommen till RADsoft\u00b4s bolagstj\u00e4nst att skapa adelsspel med Svenska Spels tj\u00e4nst att Spela Tillsammans.  P\u00e5 denna sida kan du l\u00e4gga upp ditt Bolagsspel f\u00f6r att skapa ett lag d\u00e4r medlemmar k\u00f6per andelar av ditt system genom Svenska Spels tj\u00e4nst att Spela Tillsammans med reducerade system fr\u00e5n RADsoft.   <\/strong><\/p>\n<p>\nSom f\u00f6rsta steg beh\u00f6ver du logga in p\u00e5 SvS och skapa ditt bolag med tj\u00e4nsten Spela Tillsammans.\n<\/p>\n<p>\nDitt reducerade system f\u00f6r bolaget kan spelas med upp till 2 200 rader f\u00f6rdelat p\u00e5 max 50 andelar, men beh\u00f6ver inte n\u00f6dv\u00e4ndigtvis uppfylla maxvillkoren.\n<\/p>\n<p>\nN\u00e4r du skapat ditt system skriver du nedan in dina uppgifter om systemet samt den inbjudningsl\u00e4nk du f\u00e5tt fr\u00e5n SvS n\u00e4r du aktiverade ditt bolagsspel.\n<\/p>\n<p>\nN\u00e4r k\u00f6pare klickar p\u00e5 din inbjudningsl\u00e4nk (fr\u00e5n sidan K\u00f6p bolagsspel) loggas k\u00f6paren in direkt till ditt lag p\u00e5 SvS sida d\u00e4r k\u00f6pet genomf\u00f6rs med de andelar bolaget erbjuder och d\u00e4r k\u00f6paren blir medlem av ditt lag.\n<\/p>\n<p>\n<b><i>Om du ser ett inloggningsf\u00f6nster nedan m\u00e5ste du logga in med dina anv\u00e4ndardata fr\u00e5n SystemXperten.<\/b><\/i>\n<\/p>\n<style>\nbody header .content p {\nfont-size: 15px;\ntext-align: left;\nmargin-bottom: 15px;\n}\nheader .content p { margin-bottom: 15px; }\niframe { \n    width: 55%;\n    margin: 0 auto;\n    height: 650px;\n}\nbody.form iframe { height: 540px; }\n.dark header .content a {\n    color: #5b7dce;\n    font-weight: bold;\n    text-decoration: underline;\n}\n<\/style>\n<p><iframe src=\"\/se\/sport\/SystemXperten\/Andelsspel\/form-create.php\"><\/iframe><\/p>\n<p>\n<b>Notera!<\/b> F\u00f6r maximal sp\u00e4nning att f\u00f6lja systemet Live s\u00e5 rekommenderar vi \u00e4ven att n\u00e4r du l\u00e4mnar in ditt system fr\u00e5n det RADsoft program du anv\u00e4nder att du \u00e4ven markerar kryssrutan att skicka in systemet till RADsoft Live sida. L\u00e4nken som d\u00e5 skapas automatiskt kopierar du och l\u00e4gger sedan in under lagkommentarer inom ditt bolag och att du \u00e4ven fyller i ditt Nick namn enligt nedan formul\u00e4r att publicera ditt spel p\u00e5 sidan K\u00f6p bolagsspel.\n<\/p>\n<p>\nMed bolagsspel \u00f6kar vinstchansen v\u00e4sentligt med st\u00f6rre system och inte minst att \u00e5terkommande s\u00e4tta Systemspel i system. Vi \u00f6nskar nu <b>LYCKA TILL<\/b> till m\u00e5nga sk\u00f6na och roliga vinster med era bolag att Spela tillsammans.\n<\/p>\n<p>\nOm du har f\u00f6rslag eller synpunkter p\u00e5 v\u00e5rt uppl\u00e4gg skriv d\u00e5 g\u00e4rna till <a href=\"mailto:info@radsoft.se\">info@radsoft.se<\/a> f\u00f6r att vidareutveckla tj\u00e4nsten\u2026.<\/p>\n","protected":false},"excerpt":{"rendered":"<p>V\u00e4lkommen till RADsoft\u00b4s bolagstj\u00e4nst att skapa adelsspel med Svenska Spels tj\u00e4nst att Spela Tillsammans. P\u00e5 denna sida kan du l\u00e4gga upp ditt Bolagsspel f\u00f6r att skapa ett lag d\u00e4r medlemmar k\u00f6per andelar av ditt system genom Svenska Spels tj\u00e4nst att Spela Tillsammans med reducerade system fr\u00e5n RADsoft. Som f\u00f6rsta steg beh\u00f6ver du logga in p\u00e5 [&hellip;]<\/p>\n","protected":false},"author":1,"featured_media":0,"parent":43,"menu_order":0,"comment_status":"closed","ping_status":"closed","template":"spilletips.php","meta":{"footnotes":""},"class_list":["post-1273","page","type-page","status-publish","hentry"],"_links":{"self":[{"href":"https:\/\/www.radsoft.eu\/se\/sport\/wp-json\/wp\/v2\/pages\/1273","targetHints":{"allow":["GET"]}}],"collection":[{"href":"https:\/\/www.radsoft.eu\/se\/sport\/wp-json\/wp\/v2\/pages"}],"about":[{"href":"https:\/\/www.radsoft.eu\/se\/sport\/wp-json\/wp\/v2\/types\/page"}],"author":[{"embeddable":true,"href":"https:\/\/www.radsoft.eu\/se\/sport\/wp-json\/wp\/v2\/users\/1"}],"replies":[{"embeddable":true,"href":"https:\/\/www.radsoft.eu\/se\/sport\/wp-json\/wp\/v2\/comments?post=1273"}],"version-history":[{"count":18,"href":"https:\/\/www.radsoft.eu\/se\/sport\/wp-json\/wp\/v2\/pages\/1273\/revisions"}],"predecessor-version":[{"id":1305,"href":"https:\/\/www.radsoft.eu\/se\/sport\/wp-json\/wp\/v2\/pages\/1273\/revisions\/1305"}],"up":[{"embeddable":true,"href":"https:\/\/www.radsoft.eu\/se\/sport\/wp-json\/wp\/v2\/pages\/43"}],"wp:attachment":[{"href":"https:\/\/www.radsoft.eu\/se\/sport\/wp-json\/wp\/v2\/media?parent=1273"}],"curies":[{"name":"wp","href":"https:\/\/api.w.org\/{rel}","templated":true}]}}