{"id":7,"date":"2016-03-04T10:45:20","date_gmt":"2016-03-04T09:45:20","guid":{"rendered":"http:\/\/localhost:8888\/spilleksperter\/?page_id=7"},"modified":"2026-02-12T19:31:58","modified_gmt":"2026-02-12T17:31:58","slug":"forside","status":"publish","type":"page","link":"https:\/\/www.radsoft.eu\/no\/sport\/forside\/","title":{"rendered":"Hjem"},"content":{"rendered":"<style type=\"text\/css\">\n.front-page header #text_extra { margin-bottom: 20px; }\nbody.front-page #header #spillvett {\n\tbottom: 12em;\n}\n@media only screen and (max-width: 1150px) {\n\t.front-page header #spillvett {\n\t\tright: 0;\n\t\ttop: 105px;\n\t\twidth: 80%;\n\t\tmargin: 0 auto;\n\t\ttext-align: center;\n\t\tleft: 0;\n\t}<\/p>\n<p>\t.front-page header #spillvett a { float: left; }\n\t.front-page header #spillvett a:last-child { float: right; }\n\t.front-page header #spillvett img {\n\t\tpadding-left: 0;\n\t\twidth: 120px;\n\t}\n\t.front-page header #spillvett a:first-child img {\n\t\tmargin-right: 25px;\n\t}\n\t.front-page header #text_extra {\n\t\twidth: 65%;\n\t\tmargin-bottom: 20px;\n\t}\n\t.front-page header.short {\n\t\tmin-height: auto;\n\t}\n\t.front-page header.short .content {\n\t\tmargin-bottom: 4em;\n\t}\n}<\/p>\n<p>@media only screen and (max-width: 880px) {\n\t.front-page header #spillvett {\n\t\ttop: 95px;\n\t}\n}<\/p>\n<p>@media only screen and (max-width: 525px) {\n\t.front-page header #spillvett {\n\t\ttop: 85px;\n\t}\n.c2a-button {\nwidth: 150px;\n}\n}<\/p>\n<p>@media only screen and (max-width: 450px) {\n\t.front-page header #spillvett {\n\t\twidth: 90%;\n\t}\n}<\/p>\n<p>.c2a-button {\n\tmargin-top: 20px;\n\tmargin-bottom: 5px;\n\tdisplay: inline-block;\n\tbackground-color: #3D444E;\n}\n<\/style>\n<p class='p0'>Vinn oftere n\u00e5r du spiller hos Norsk Tipping med RADsoft<\/p>\n<p class='p0'><small>V\u00e5re verkt\u00f8y hjelper deg \u00e5 optimalisere spillet ditt, samtidig som det \u00f8ker spenningen og vinnerfrekvensen din.<\/small>\n<\/p>\n<div id=\"text_extra\">RADsoft tilbyr gratis systemspillverkt\u00f8y for Tipping, Oddsbomben, Oddsen, Lotto og Viking Lotto for alle plattformer.<br \/>\nPr\u00f8v gjerne v\u00e5r tjeneste <strong>RADsoft Live!<\/strong><\/a><\/p>\n<\/div>\n<div style=\"display: none\">\n<iframe title=\"ntWidget\" id=\"contentFrame1149\" frameBorder=\"0\" scrolling=\"no\" src=\"https:\/\/ekom.norsktippingpartner.no\/pos\/1149\" style=\" width: 100%; height: 300px \"><\/iframe><\/p>\n<div id=\"pushNotif\" style=\"padding: 2em 7.5%;\">\n<iframe style=\"height: 150px; width: 100%\" src=\"\/no\/sport\/PushNotifications\/pushnotifications\/index.html\" id=\"pushnotifications\" name=\"pn0\" scrolling=\"no\"><\/iframe>\n<\/div>\n<\/div>\n<p><script>\ndocument.getElementsByTagName(\"h1\")[0].style.display = \"none\";\n$(document).ready(function() { \n\t$(\"body\").addClass(\"front-page\");\n\t$(\"#text_extra\").insertAfter($(\"#spillvett\"));<\/p>\n<p>$(\"#contentFrame1149\").insertAfter($(\"#cta-banner\"));\n$(\"#pushNotif\").insertAfter($(\"#cta-banner\"));\n});\n<\/script><\/p>\n","protected":false},"excerpt":{"rendered":"<p>Vinn oftere n\u00e5r du spiller hos Norsk Tipping med RADsoft V\u00e5re verkt\u00f8y hjelper deg \u00e5 optimalisere spillet ditt, samtidig som det \u00f8ker spenningen og vinnerfrekvensen din. RADsoft tilbyr gratis systemspillverkt\u00f8y for Tipping, Oddsbomben, Oddsen, Lotto og Viking Lotto for alle plattformer. Pr\u00f8v gjerne v\u00e5r tjeneste RADsoft Live!<\/p>\n","protected":false},"author":1,"featured_media":0,"parent":0,"menu_order":0,"comment_status":"closed","ping_status":"closed","template":"","meta":{"footnotes":""},"class_list":["post-7","page","type-page","status-publish","hentry"],"_links":{"self":[{"href":"https:\/\/www.radsoft.eu\/no\/sport\/wp-json\/wp\/v2\/pages\/7","targetHints":{"allow":["GET"]}}],"collection":[{"href":"https:\/\/www.radsoft.eu\/no\/sport\/wp-json\/wp\/v2\/pages"}],"about":[{"href":"https:\/\/www.radsoft.eu\/no\/sport\/wp-json\/wp\/v2\/types\/page"}],"author":[{"embeddable":true,"href":"https:\/\/www.radsoft.eu\/no\/sport\/wp-json\/wp\/v2\/users\/1"}],"replies":[{"embeddable":true,"href":"https:\/\/www.radsoft.eu\/no\/sport\/wp-json\/wp\/v2\/comments?post=7"}],"version-history":[{"count":150,"href":"https:\/\/www.radsoft.eu\/no\/sport\/wp-json\/wp\/v2\/pages\/7\/revisions"}],"predecessor-version":[{"id":1030,"href":"https:\/\/www.radsoft.eu\/no\/sport\/wp-json\/wp\/v2\/pages\/7\/revisions\/1030"}],"wp:attachment":[{"href":"https:\/\/www.radsoft.eu\/no\/sport\/wp-json\/wp\/v2\/media?parent=7"}],"curies":[{"name":"wp","href":"https:\/\/api.w.org\/{rel}","templated":true}]}}