{"id":510,"date":"2016-04-21T08:31:50","date_gmt":"2016-04-21T08:31:50","guid":{"rendered":"http:\/\/www.radsoft.eu\/no\/sport\/nyeradsoft\/?page_id=510"},"modified":"2017-10-18T13:52:54","modified_gmt":"2017-10-18T11:52:54","slug":"systemspill-i-norge-les-mer","status":"publish","type":"page","link":"https:\/\/www.radsoft.eu\/no\/sport\/systemspill-i-norge-les-mer\/","title":{"rendered":"Systemspill i Norge les mer"},"content":{"rendered":"<section class=\"systemspill-les-mer autowidth\">\n<h1 style=\"display: block\">Spill system &#8211; \u00f8k vinnersjansene!<\/h1>\n<div class=\"OmSystemspillSeksjon space-above-2x\">\n        <b>Hvordan vil du spille?<\/b><\/p>\n<div>\n            Alle programmene i Systemspill i Norge serien har tre forskjellige niv\u00e5er; Enkel<br \/>\n            \u2013 Medium \u2013 Avansert. Ved \u00e5 velge mellom niv\u00e5ene kan du spille s\u00e5 enkelt<br \/>\n            eller avansert du bare vil!<br \/>\n            Vil du spille <i>kjapt og enkelt<\/i> uten for mange avanserte reduksjoner, men samtidig<br \/>\n            redusere prisen kraftig?<br \/>\n            Vil du spille <i>litt mer avansert<\/i> med flere avanserte reduksjoner og enda billigere<br \/>\n            innlevering?<br \/>\n            Vil du spille <i>skikkelig avansert<\/i> med viderekommende og kompliserte reduksjoner<br \/>\n            som virkelig presser innleveringsprisen i b\u00e5nn?\n        <\/div>\n<div>\n            Uansett hvordan du vil spille har programmene et niv\u00e5 for deg.\n        <\/div>\n<div>\n            Klikk p\u00e5 sm\u00e5bildene under hvert program, s\u00e5 kan du studere detaljene i store skjermbilder.\n        <\/div>\n<\/p><\/div>\n<div class=\"OmSystemspillSeksjon space-above-2x\">\n<div class=\"OmSystemspillSeksjonBilde\">\n            <img loading=\"lazy\" decoding=\"async\" src=\"\/no\/sport\/images\/TippPro130.gif\" border=\"0\" width=\"90\" height=\"30\"><\/div>\n<div class=\"OmSystemspillSeksjonTekst\">\n            Norges ledende og mest avanserte tippesystem. Du m\u00e5 ikke v\u00e6re stortipper for \u00e5 vinne<br \/>\n            med TippPro, tvert i mot! Med TippPro kan du tippe for sm\u00e5bel\u00f8p og ha tiln\u00e6rmet<br \/>\n            like store &#8211; eller st\u00f8rre &#8211; sjanser enn stortippere som ikke bruker systemet. For<br \/>\n            eksempel kan du levere en kupong som ville kostet 4.374 kroner uten TippPro til<br \/>\n            kun 97 kroner med TippPro. Og da vinner du hver gang bare stammen holder. Er du<br \/>\n            erfaren systemspiller klikker du enkelt inn avansert niv\u00e5, og du kan sette opp store,<br \/>\n            kompliserte systemer med kraftige reduksjoner.<br \/>\n            Programmet har Hurtig Guide, omfattende manual med skjermbilder og eksempler, auto<br \/>\n            nedlasting av kampprogram, redaksjonell omtale av kamper og lag, statistikk og dataanalyse,<br \/>\n            automat for sjansespill p\u00e5 et bestemt bel\u00f8p, kupong og systemutskrift og auto oppdatert<br \/>\n            premiekontroll som gj\u00f8r at du kan f\u00f8lge premiesjanser og prognoser for hver enkelt<br \/>\n            scoring!\n        <\/div>\n<p>\t\t<br style=\"clear: both\"><\/p>\n<div class=\"OmSystemspillSeksjonSkjermbildeKolonne pull-left col-25p\">\n<div class=\"OmSystemspillSeksjonSkjermbildeTekst\">\n                TippPro Enkel<\/div>\n<div class=\"OmSystemspillSeksjonSkjermbilde\">\n                <a href=\"#\" onclick=\"window.open('images\/TippEnkelStor.gif', '_blank', 'height=500,width=700'); return false;\"><br \/>\n                    <img decoding=\"async\" src=\"\/no\/sport\/images\/TippEnkelLite.gif\" border=\"0\"><\/a><\/div>\n<\/p><\/div>\n<div class=\"OmSystemspillSeksjonSkjermbildeKolonne pull-left col-25p\">\n<div class=\"OmSystemspillSeksjonSkjermbildeTekst\">\n                TippPro Medium<\/div>\n<div class=\"OmSystemspillSeksjonSkjermbilde\">\n                <a href=\"#\" onclick=\"window.open('images\/TippMediumStor.gif', '_blank', 'height=500,width=700'); return false;\"><br \/>\n                    <img decoding=\"async\" src=\"\/no\/sport\/images\/TippMediumLite.gif\" border=\"0\"><\/a><\/div>\n<\/p><\/div>\n<div class=\"OmSystemspillSeksjonSkjermbildeKolonne pull-left col-25p\">\n<div class=\"OmSystemspillSeksjonSkjermbildeTekst\">\n                TippPro Avansert<\/div>\n<div class=\"OmSystemspillSeksjonSkjermbilde\">\n                <a href=\"#\" onclick=\"window.open('images\/TippAvansertStor.gif', '_blank', 'height=500,width=700'); return false;\"><br \/>\n                    <img decoding=\"async\" src=\"\/no\/sport\/images\/TippAvansertLite.gif\" border=\"0\"><\/a><\/div>\n<\/p><\/div>\n<p>       <br style=\"clear: both\"><\/p>\n<div>\n<div class=\"OmSystemspillSeksjonSkjermbildeTekst\" style=\"text-align: left; margin-left: 10px;\">\n                Klikk p\u00e5 bildene for store skjermbilder.<\/div>\n<div class=\"OmSystemspillSeksjonLastnedKnapp\">\n                <input type=\"button\" value=\"Last ned\" onclick=\"document.location.href='\/no\/sport\/download\/setupsystemspill.exe';\"><\/div>\n<\/p><\/div>\n<p>\t\t<br style=\"clear: both\">\n    <\/div>\n<div class=\"OmSystemspillSeksjon space-above-2x\">\n<div class=\"OmSystemspillSeksjonBilde\">\n            <img decoding=\"async\" src=\"\/no\/sport\/images\/LottoPro130.gif\" border=\"0\"><\/div>\n<div class=\"OmSystemspillSeksjonTekst\">\n            LottoPro gir deg muligheten til \u00e5 ta med mange tall til lav pris. Da henger du med<br \/>\n            lenge i trekningen, noe som skaper mye st\u00f8rre spenning p\u00e5 l\u00f8rdagene! Alle funksjoner<br \/>\n            i et skjermbilde gj\u00f8r systemet sv\u00e6rt oversiktlig. LottoPro har dataanalyse med komplett<br \/>\n            Lotto statistikk fra 1998. LottoPro har mange spennende og effektive reduksjonsmuligheter<br \/>\n            p\u00e5 flere niv\u00e5er, som f\u00e5r ned prisen p\u00e5 innleveringen. Samtidig opprettholder du<br \/>\n            kontroll over spillet ditt. Du kan spille p\u00e5 dine faste \u2019lykketall\u2019, min\/maks.<br \/>\n            antall oddetall og antall partall, fire h\u00f8yeste tall, fire laveste tall bare for<br \/>\n            \u00e5 nevne noe. Valg fra 4 til 7 rett gj\u00f8r LottoPro til et kraftig verkt\u00f8y. Hvis du<br \/>\n            virkelig vil ta av kan du benytte inntil hele 70 utgangsrekker og spille kategori<br \/>\n            p\u00e5 alle reduksjoner!<br \/>\n            Lynraskt, avansert og uhyre enkelt program for de store Lottogevinster!<br \/>\n            Programmet har Hurtig Guide, omfattende manual med skjermbilder og eksempler, auto<br \/>\n            nedlasting av statistikk og dataanalyse, automat for sjansespill p\u00e5 et bestemt bel\u00f8p,<br \/>\n            kupong og systemutskrift og auto oppdatert premiekontroll som gj\u00f8r at du kan f\u00f8lge<br \/>\n            premiesjanser mens trekningen p\u00e5g\u00e5r!\n\t\t<\/div>\n<p>\t\t<br style=\"clear-both\"\/><\/p>\n<div class=\"OmSystemspillSeksjonSkjermbildeKolonne pull-left col-25p\">\n<div class=\"OmSystemspillSeksjonSkjermbildeTekst\">\n                LottoPro Enkel\n            <\/div>\n<div class=\"OmSystemspillSeksjonSkjermbilde\">\n                <a href=\"#\" onclick=\"window.open('images\/LottoEnkelStor.gif', '_blank', 'height=500,width=700'); return false;\"><br \/>\n                    <img decoding=\"async\" src=\"\/no\/sport\/images\/LottoEnkelLite.gif\" border=\"0\"><\/a><\/div>\n<\/p><\/div>\n<div class=\"OmSystemspillSeksjonSkjermbildeKolonne pull-left col-25p\">\n<div class=\"OmSystemspillSeksjonSkjermbildeTekst\">\n                LottoPro Medium<\/div>\n<div class=\"OmSystemspillSeksjonSkjermbilde\">\n                <a href=\"#\" onclick=\"window.open('images\/LottoMediumStor.gif', '_blank', 'height=500,width=700'); return false;\"><br \/>\n                    <img decoding=\"async\" src=\"\/no\/sport\/images\/LottoMediumLite.gif\" border=\"0\"><\/a><\/div>\n<\/p><\/div>\n<div class=\"OmSystemspillSeksjonSkjermbildeKolonne pull-left col-25p\">\n<div class=\"OmSystemspillSeksjonSkjermbildeTekst\">\n                LottoPro Avansert<\/div>\n<div class=\"OmSystemspillSeksjonSkjermbilde\">\n                <a href=\"#\" onclick=\"window.open('images\/LottoAvansertStor.gif', '_blank', 'height=500,width=700'); return false;\"><br \/>\n                    <img decoding=\"async\" src=\"\/no\/sport\/images\/LottoAvansertLite.gif\" border=\"0\"><\/a><\/div>\n<\/p><\/div>\n<p>       <br style=\"clear: both\"><\/p>\n<div>\n<div class=\"OmSystemspillSeksjonSkjermbildeTekst\" style=\"text-align: left; margin-left: 10px;\">\n                Klikk p\u00e5 bildene for store skjermbilder.<\/div>\n<div class=\"OmSystemspillSeksjonLastnedKnapp\">\n                <input type=\"button\" value=\"Last ned\" onclick=\"document.location.href='\/no\/sport\/download\/setupsystemspill.exe';\"><\/div>\n<\/p><\/div>\n<p>\t\t<br style=\"clear: both\"\/>\n    <\/div>\n<div class=\"OmSystemspillSeksjon space-above-2x\">\n<div class=\"OmSystemspillSeksjonBilde\">\n            <img decoding=\"async\" src=\"\/no\/sport\/images\/VikingPro130.gif\" border=\"0\">\n        <\/div>\n<div class=\"OmSystemspillSeksjonTekst\">\n        Det er ikke enkelt \u00e5 treffe 6 riktige av 48 mulige tall! VikingoPro gir deg muligheten<br \/>\n        til \u00e5 ta med mange flere tall og beholde en innleveringspris du kan leve med, samtidig<br \/>\n        som du opprettholder vinnermuligheten. Alle funksjoner i et skjermbilde gj\u00f8r systemet<br \/>\n        sv\u00e6rt oversiktlig. VikingPro har dataanalyse med komplett statistikk fra 1998. Programmet<br \/>\n        har mange spennende og effektive reduksjonsmuligheter p\u00e5 flere niv\u00e5er, eksempelvis<br \/>\n        fire h\u00f8yeste tall, fire laveste tall, min\/maks p\u00e5 alle reduksjoner, antall oddetall<br \/>\n        og antall partall og kategorispill p\u00e5 alle reduksjoner. Systemgaranti fra 3 til<br \/>\n        6 rett dersom tallramme og reduksjoner holder gj\u00f8r VikingPro til et kraftig verkt\u00f8y<br \/>\n        med effektive prisreduksjoner. VikingPro er et effektivt program i jakten p\u00e5 \u00e5 betale<br \/>\n        mindre for \u00e5 vinne mer. Programmet har Hurtig Guide, omfattende manual med skjermbilder<br \/>\n        og eksempler, auto nedlasting av statistikk og dataanalyse, automat for sjansespill<br \/>\n        p\u00e5 et bestemt bel\u00f8p, kupong og systemutskrift og auto oppdatert premiekontroll som<br \/>\n        gj\u00f8r at du kan f\u00f8lge premiesjanser mens trekningen p\u00e5g\u00e5r!\n        <\/div>\n<p>\t\t<br style=\"clear: both\"\/><\/p>\n<div class=\"OmSystemspillSeksjonSkjermbildeKolonne pull-left col-25p\">\n<div class=\"OmSystemspillSeksjonSkjermbildeTekst\">\n                VikingPro Enkel\n            <\/div>\n<div class=\"OmSystemspillSeksjonSkjermbilde\">\n                <a href=\"#\" onclick=\"window.open('images\/VikingEnkelStor.gif', '_blank', 'height=500,width=700'); return false;\"><br \/>\n                    <img decoding=\"async\" src=\"\/no\/sport\/images\/VikingEnkelLite.gif\" border=\"0\"><\/a>\n            <\/div>\n<\/p><\/div>\n<div class=\"OmSystemspillSeksjonSkjermbildeKolonne pull-left col-25p\">\n<div class=\"OmSystemspillSeksjonSkjermbildeTekst\">\n                VikingPro Medium<\/div>\n<div class=\"OmSystemspillSeksjonSkjermbilde\">\n                <a href=\"#\" onclick=\"window.open('images\/VikingMediumStor.gif', '_blank', 'height=500,width=700'); return false;\"><br \/>\n                    <img decoding=\"async\" src=\"\/no\/sport\/images\/VikingMediumLite.gif\" border=\"0\"><\/a><\/div>\n<\/p><\/div>\n<div class=\"OmSystemspillSeksjonSkjermbildeKolonne pull-left col-25p\">\n<div class=\"OmSystemspillSeksjonSkjermbildeTekst\">\n                VikingPro Avansert<\/div>\n<div class=\"OmSystemspillSeksjonSkjermbilde\">\n                <a href=\"#\" onclick=\"window.open('images\/VikingAvansertStor.gif', '_blank', 'height=500,width=700'); return false;\"><br \/>\n                    <img decoding=\"async\" src=\"\/no\/sport\/images\/VikingAvansertLite.gif\" border=\"0\"><\/a><\/div>\n<\/p><\/div>\n<p>       <br style=\"clear: both\"><\/p>\n<div>\n<div class=\"OmSystemspillSeksjonSkjermbildeTekst\" style=\"text-align: left; margin-left: 10px;\">\n                Klikk p\u00e5 bildene for store skjermbilder.<\/div>\n<div class=\"OmSystemspillSeksjonLastnedKnapp\">\n                <input type=\"button\" value=\"Last ned\" onclick=\"document.location.href='\/no\/sport\/download\/setupsystemspill.exe';\"><\/div>\n<\/p><\/div>\n<p>\t\t<br style=\"clear: both\"\/>\n    <\/div>\n<div class=\"OmSystemspillSeksjon space-above-2x\">\n<div class=\"OmSystemspillSeksjonBilde\">\n            <img decoding=\"async\" src=\"\/no\/sport\/images\/BombenPro130.gif\" border=\"0\">\n        <\/div>\n<div class=\"OmSystemspillSeksjonTekst\">\n        Alle funksjoner i et skjermbilde gj\u00f8r systemet sv\u00e6rt oversiktlig. BombenPro har<br \/>\n        mange effektive og spennende reduksjoner, ikke bare p\u00e5 kampresultat, men ogs\u00e5 p\u00e5<br \/>\n        garderinger og utgangstips, som det ogs\u00e5 kan spilles minimum og maksimum p\u00e5. BombenPro<br \/>\n        har ogs\u00e5 garantireduksjon i step fra 5% til 100%. Minimum og maksimum scorede m\u00e5l<br \/>\n        av b\u00e5de lag og kamper gir kraftige prisreduksjoner med fortsatt meget god dekning.<br \/>\n        Systemanalyse og statistikk gj\u00f8r at du kan sjekke systemet ditt mot alle rundene<br \/>\n        som har v\u00e6rt spilt i OddsBomben tidligere. Programmet har Hurtig Guide, omfattende<br \/>\n        manual med skjermbilder og eksempler, auto nedlasting av kampprogram, statistikk<br \/>\n        og dataanalyse, automat for sjansespill p\u00e5 et bestemt bel\u00f8p, kupong og systemutskrift<br \/>\n        og auto oppdatert premiekontroll som gj\u00f8r at du kan f\u00f8lge premiesjanser og prognoser<br \/>\n        for hver enkelt scoring!<br \/>\n        OddsBomben er som skapt for systemspill &#8211; dette systemet m\u00e5 pr\u00f8ves!\n        <\/div>\n<p>\t\t<br style=\"clear: both\"\/><\/p>\n<div class=\"OmSystemspillSeksjonSkjermbildeKolonne pull-left col-25p\">\n<div class=\"OmSystemspillSeksjonSkjermbildeTekst\">\n                BombenPro Enkel\n            <\/div>\n<div class=\"OmSystemspillSeksjonSkjermbilde\">\n                <a href=\"#\" onclick=\"window.open('images\/BombenEnkelStor.gif', '_blank', 'height=500,width=700'); return false;\"><br \/>\n                    <img decoding=\"async\" src=\"\/no\/sport\/images\/BombenEnkelLite.gif\" border=\"0\"><\/a><\/div>\n<\/p><\/div>\n<div class=\"OmSystemspillSeksjonSkjermbildeKolonne pull-left col-25p\">\n<div class=\"OmSystemspillSeksjonSkjermbildeTekst\">\n                BombenPro Medium<\/div>\n<div class=\"OmSystemspillSeksjonSkjermbilde\">\n                <a href=\"#\" onclick=\"window.open('images\/BombenMediumStor.gif', '_blank', 'height=500,width=700'); return false;\"><br \/>\n                    <img decoding=\"async\" src=\"\/no\/sport\/images\/BombenMediumLite.gif\" border=\"0\"><\/a><\/div>\n<\/p><\/div>\n<div class=\"OmSystemspillSeksjonSkjermbildeKolonne pull-left col-25p\">\n<div class=\"OmSystemspillSeksjonSkjermbildeTekst\">\n                BombenPro Avansert<\/div>\n<div class=\"OmSystemspillSeksjonSkjermbilde\">\n                <a href=\"#\" onclick=\"window.open('images\/BombenAvansertStor.gif', '_blank', 'height=500,width=700'); return false;\"><br \/>\n                    <img decoding=\"async\" src=\"\/no\/sport\/images\/BombenAvansertLite.gif\" border=\"0\"><\/a><\/div>\n<\/p><\/div>\n<p>        <br style=\"clear: both\"><\/p>\n<div>\n<div class=\"OmSystemspillSeksjonSkjermbildeTekst\" style=\"text-align: left; margin-left: 10px;\">\n                Klikk p\u00e5 bildene for store skjermbilder.<\/div>\n<div class=\"OmSystemspillSeksjonLastnedKnapp\">\n                <input type=\"button\" value=\"Last ned\" onclick=\"document.location.href='\/no\/sport\/download\/setupsystemspill.exe';\"><\/div>\n<\/p><\/div>\n<p>\t\t<br style=\"clear: both\"\/>\n    <\/div>\n<div class=\"OmSystemspillSeksjon space-above-2x\">\n<div class=\"OmSystemspillSeksjonBilde\">\n        <img decoding=\"async\" src=\"\/no\/sport\/images\/OddsPro130.gif\" border=\"0\">\n        <\/div>\n<div class=\"OmSystemspillSeksjonTekst\">\n        Ingen andre systemer gir vinnermulighet som OddsPro, flaggskipet i OddsenNorge!<br \/>\n        Oddsen er spennende og egentlig ganske lett \u00e5 vinne p\u00e5. Spiller du system med OddsPro<br \/>\n        \u00f8ker du vinnermulighetene dramatisk. Med OddsPro kan du b\u00e5de gardere kamper og spille<br \/>\n        blokk uten \u00e5 \u00f8ke innleveringsprisen. Det eneste du \u00f8ker er vinnersjansene. Et eksempel;<br \/>\n        en kupong som koster 1.040 kroner \u00e5 levere inn uten OddsPro koster 210 kroner med<br \/>\n        OddsPro.<br \/>\n        <br \/>\n        Programmet har Hurtig Guide, omfattende manual med skjermbilder og eksempler, auto<br \/>\n        nedlasting av oddsprogram, statistikk og dataanalyse, automat for sjansespill p\u00e5<br \/>\n        et bestemt bel\u00f8p, kupong og systemutskrift og auto oppdatert premiekontroll som<br \/>\n        gj\u00f8r at du kan f\u00f8lge premiesjanser og prognoser for hver enkelt scoring! Skal du<br \/>\n        tjene penger m\u00e5 du vinne ofte. Spiller du riktig gj\u00f8r du det med OddsPro.\n        <\/div>\n<p>\t\t<br style=\"clear: both\"\/><\/p>\n<div class=\"OmSystemspillSeksjonSkjermbildeKolonne pull-left col-25p\">\n<div class=\"OmSystemspillSeksjonSkjermbildeTekst\">\n                OddsPro Enkel<\/div>\n<div class=\"OmSystemspillSeksjonSkjermbilde\">\n                <a href=\"#\" onclick=\"window.open('images\/OddsProEnkelStor.gif', '_blank', 'height=500,width=700'); return false;\"><br \/>\n                    <img decoding=\"async\" src=\"\/no\/sport\/images\/OddsProEnkelLite.gif\" border=\"0\"><\/a><\/div>\n<\/p><\/div>\n<div class=\"OmSystemspillSeksjonSkjermbildeKolonne pull-left col-25p\">\n<div class=\"OmSystemspillSeksjonSkjermbildeTekst\">\n                OddsPro Medium<\/p>\n<div class=\"OmSystemspillSeksjonSkjermbilde\">\n                    <a href=\"#\" onclick=\"window.open('images\/OddsProMediumStor.gif', '_blank', 'height=500,width=700'); return false;\"><br \/>\n                        <img decoding=\"async\" src=\"\/no\/sport\/images\/OddsProMediumLite.gif\" border=\"0\"><\/a><\/div>\n<\/p><\/div>\n<\/p><\/div>\n<div class=\"OmSystemspillSeksjonSkjermbildeKolonne pull-left col-25p\">\n<div class=\"OmSystemspillSeksjonSkjermbildeTekst\">\n                OddsPro Avansert<\/div>\n<div class=\"OmSystemspillSeksjonSkjermbilde\">\n                <a href=\"#\" onclick=\"window.open('images\/OddsProAvansertStor.gif', '_blank', 'height=500,width=700'); return false;\"><br \/>\n                    <img decoding=\"async\" src=\"\/no\/sport\/images\/OddsProAvansertLite.gif\" border=\"0\"><\/a><\/div>\n<\/p><\/div>\n<p>       <br style=\"clear: both\"><\/p>\n<div>\n<div class=\"OmSystemspillSeksjonSkjermbildeTekst\" style=\"text-align: left; margin-left: 10px;\">\n                Klikk p\u00e5 bildene for store skjermbilder.<\/div>\n<div class=\"OmSystemspillSeksjonLastnedKnapp\">\n                <a href=\"\/no\/sport\/download\/setupsystemspill.exe\"><input type=\"submit\" value=\"Last ned\" id=\"Submit5\" name=\"\/><\/a><\/div>\n<\/p><\/div>\n<p>\t\t<br style=\"clear: both\"\/>\n    <\/div>\n<\/section>\n","protected":false},"excerpt":{"rendered":"<p>Spill system &#8211; \u00f8k vinnersjansene! Hvordan vil du spille? Alle programmene i Systemspill i Norge serien har tre forskjellige niv\u00e5er; Enkel \u2013 Medium \u2013 Avansert. Ved \u00e5 velge mellom niv\u00e5ene kan du spille s\u00e5 enkelt eller avansert du bare vil! Vil du spille kjapt og enkelt uten for mange avanserte reduksjoner, men samtidig redusere prisen [&hellip;]<\/p>\n","protected":false},"author":1,"featured_media":0,"parent":0,"menu_order":0,"comment_status":"closed","ping_status":"closed","template":"","meta":{"footnotes":""},"class_list":["post-510","page","type-page","status-publish","hentry"],"_links":{"self":[{"href":"https:\/\/www.radsoft.eu\/no\/sport\/wp-json\/wp\/v2\/pages\/510","targetHints":{"allow":["GET"]}}],"collection":[{"href":"https:\/\/www.radsoft.eu\/no\/sport\/wp-json\/wp\/v2\/pages"}],"about":[{"href":"https:\/\/www.radsoft.eu\/no\/sport\/wp-json\/wp\/v2\/types\/page"}],"author":[{"embeddable":true,"href":"https:\/\/www.radsoft.eu\/no\/sport\/wp-json\/wp\/v2\/users\/1"}],"replies":[{"embeddable":true,"href":"https:\/\/www.radsoft.eu\/no\/sport\/wp-json\/wp\/v2\/comments?post=510"}],"version-history":[{"count":26,"href":"https:\/\/www.radsoft.eu\/no\/sport\/wp-json\/wp\/v2\/pages\/510\/revisions"}],"predecessor-version":[{"id":879,"href":"https:\/\/www.radsoft.eu\/no\/sport\/wp-json\/wp\/v2\/pages\/510\/revisions\/879"}],"wp:attachment":[{"href":"https:\/\/www.radsoft.eu\/no\/sport\/wp-json\/wp\/v2\/media?parent=510"}],"curies":[{"name":"wp","href":"https:\/\/api.w.org\/{rel}","templated":true}]}}