{"id":43,"date":"2016-03-04T12:06:56","date_gmt":"2016-03-04T10:06:56","guid":{"rendered":"http:\/\/localhost:8888\/spilleksperter\/?page_id=43"},"modified":"2026-04-29T12:25:39","modified_gmt":"2026-04-29T10:25:39","slug":"spilletips","status":"publish","type":"page","link":"https:\/\/www.radsoft.eu\/no\/sport\/spilletips\/","title":{"rendered":"Omtale og tips"},"content":{"rendered":"<p><script type=\"text\/javascript\">\n\tfunction doclick(that,el) {\n\t\tconsole.log($);\n\t\t$(\".omtale\").removeClass(\"selected\");\n\t\t$(\".tippetips\").removeClass(\"selected\");<\/p>\n<p>\t\t$(\".\"+el).addClass(\"selected\");<\/p>\n<p>\t\t$(\".row.omtale\").addClass(\"hidden\");\n\t\t$(\".row.tippetips\").addClass(\"hidden\");\n\t\t$(\".row.\"+el).removeClass(\"hidden\");<\/p>\n<p>\t\tif(el == \"tippetips\") {\n\t\t\t$(\"iframe#tipsframe\").prop(\"src\", \"\/no\/sport\/widget\/Tips\/\");\n\t\t}\n\t}<\/p>\n<p>function createLottoFrames() {\n\tvar lockdownDate = new Date(2017, 4, 18);\n\tvar today = new Date();\n\tvar blockViking= false; \/\/ today > lockdownDate;<\/p>\n<p>\t\/\/ create two lotto frames \n\tvar $holder = $(\".lotto-holder-wide\");<\/p>\n<p>\tvar day = new Date().getDay();<\/p>\n<p>\tvar lottoFloat = \"left\";<\/p>\n<p>\tvar MAN=1;\n\tvar TIR = 2;\n\tvar ONS=3;\n\tvar TOR=4;\n\tvar FRE=5;\n\tvar LOR=6;\n\tvar SON=0;<\/p>\n<p>\tif(day == SON || day == MAN || day == TIR) {\n\t\tlottoFloat = \"right\";\n\t}\n\telse if(day == ONS) {\n\t\tlottoFloat = \"right\";\n\t\tif(new Date().getHours() >= 18) {\n\t\t\tlottoFloat = \"left\";\n\t\t}\t\t\n\t}\n\telse if(day == TOR || day == FRE) {\n\t\tlottoFloat = \"left\";\n\t}\n\telse if(day == LOR) {\n\t\tlottoFloat = \"left\";\n\t\tif(new Date().getHours() >= 18) {\n\t\t\tlottoFloat = \"right\";\n\t\t}\n\t}<\/p>\n<p>\tvar vikingFloat = lottoFloat == \"left\" ? \"right\" : \"left\";<\/p>\n<p>\tvar $lotto = $(\"<iframe\/>\", {\n\t\t\"src\": \"\/no\/sport\/SystemXperten\/Lotto\/index.php?type=lotto\",\n\t\t\"css\": {\n\t\t\t\"width\": \"100%\",\n\t\t\t\"height\": \"450px\",\n\t\t\t\"border\": 0,\n\t\t\t\"border\": \"2px solid #6b6768\"\t\t\t\n\t\t}\n\t});<\/p>\n<p>\tvar $viking = $(\"<iframe\/>\", {\n\t\t\"src\": \"\/no\/sport\/SystemXperten\/Lotto\/index.php?type=viking\",\n\t\t\"css\": {\n\t\t\t\"width\": \"100%\",\n\t\t\t\"height\": \"450px\",\n\t\t\t\"border\": 0,\n\t\t\t\"border\": \"2px solid #6b6768\"\n\t\t}\n\t});<\/p>\n<p>\tif(blockViking)\n\t\t$viking = $(\"<\/p>\n<div\/>\");<\/p>\n<p>\tvar $div0 = $(\"<\/p>\n<div\/>\", {\"class\":\"lotto-frame-holder\"}).append(lottoFloat == \"left\" ? $lotto : $viking);\n\tvar $div1 = $(\"<\/p>\n<div\/>\", {\"class\":\"lotto-frame-holder\"}).append(lottoFloat == \"left\" ? $viking : $lotto);<\/p>\n<p>\t$holder.append($div0);\n\t$holder.append($div1);<\/p>\n<p>\t$holder = $(\".lotto-holder-thin\");\n\t$holder.append((lottoFloat==\"left\" ? $lotto : $viking).clone().css({\"width\":\"100%\",\"margin\":0}));<\/p>\n<p>\t$(window).trigger(\"resize.lotto\");\n}\n$(window).on(\"resize.lotto\", function() {\n\tvar $holder = $(\".lotto-holder-wide\");\n\tif($holder.width() < 650) {\n\t\t$holder.find(\".lotto-frame-holder\").eq(1).hide();\n\t}\n\telse\n\t\t$holder.find(\".lotto-frame-holder\").eq(1).show();\n});\n$(document).ready(createLottoFrames);\n\n<\/script><\/p>\n<p class=\"p1 hidden\" style=\"margin-bottom: 50px;\">\n\t<span class=\"s1 selected omtale\" onclick=\"doclick(this,'omtale')\">Omtale<\/span><br \/>\n\t<span class=\"s1 tippetips\" onclick=\"doclick(this,'tippetips')\">Tippetips<\/span>\n<\/p>\n<style type=\"text\/css\">\n.lotto-frame-holder { \n    width: 300px; \n    display: inline-block; \n}\n.lotto-holder {\n    text-align: center;\n    background-color: #f5f5f5;\n}\n.lotto-holder-wide .lotto-frame-holder {\nmargin: 10px;\n}\n.lotto-holder-wide {\n    margin-left: 8px;\n    margin-right: 8px;\n}\n.lotto-holder-thin {\nmargin-bottom: 10px;\n}\n\tiframe {\n\t\tborder: 0;\n\t}\n\t.row.wide {\n\t\twidth: 80%;\n\t\tmargin: auto;\n\t}\n\t@media only screen and (max-width: 450px) {\n\t\t.row.wide {\n\t\t\twidth: 90%;\n\t\t}\n\t}\n\t.hidden {\n\t\tdisplay: none;\n\t}<\/p>\n<p>\t.p1 .s1.selected {\n\t\ttext-decoration: underline;\n\t}\n\t.p1 .s1 {\n\t\tmargin-left: 30px;\n\t\tmargin-right: 30px;\n\t\tcursor: pointer;\n\t}\n\t.p1 .s1:hover {\n\t\ttext-decoration: underline;\n\t}<\/p>\n<p>\t.omtale-1-column { display: none; }\n\t@media only screen and (max-width: 700px) {\n\t\t.omtale .omtale-2-column {\n\t\t\tdisplay: none;\n\t\t}\n\t\t.omtale .omtale-1-column {\n\t\t\tdisplay: block;\n\t\t}\n\t}<\/p>\n<p>\t.omtale iframe,\n\tiframe.redaksjonelt {\n\t\twidth: 100%;\n\t}\n\t.omtale iframe.nt {\n\t\tmin-width: 200px;\n\t}<\/p>\n<p>.SimpleButton {\n    border: 1px solid #496e8f;\n    font-size: 12px;\n    font-weight: normal;\n    text-align: center;<\/p>\n<p>margin-bottom: 4px;\nbackground: #fcfcfc; \/* Old browsers *\/\n\t\t\t\t\tbackground: -moz-linear-gradient(top,  #fcfcfc 0%, #e4e4e4 100%); \/* FF3.6-15 *\/\n\t\t\t\t\tbackground: -webkit-linear-gradient(top,  #fcfcfc 0%,#e4e4e4 100%); \/* Chrome10-25,Safari5.1-6 *\/\n\t\t\t\t\tbackground: linear-gradient(to bottom,  #fcfcfc 0%,#e4e4e4 100%); \/* W3C, IE10+, FF16+, Chrome26+, Opera12+, Safari7+ *\/\n\t\t\t\t\tfilter: progid:DXImageTransform.Microsoft.gradient( startColorstr='#fcfcfc', endColorstr='#e4e4e4',GradientType=0 ); \/* IE6-9 *\/\n}\nheader .content .SimpleButton > p.small {\nfont-size: 13px;\n}\nheader .content .SimpleButton > p {\n    margin: 0;\n    width: 100%;\n    font-size: 15px;\n    margin-top: 2px;\n    margin-bottom: 2px;\n}\n.button-bar {\n    background-color: #496e8f;\n    text-align: center;\n    color: #fff;\n    padding: 2px;\nmargin-bottom: 4px;\n}\n.content > h1:first-child { display: none; }\n<\/style>\n<div class=\"row wide omtale\">\n<div class=\"omtale-2-column\">\n<table style=\"width: 100%\">\n<tr>\n<td style=\"width: 30%\">\n<p><!--ODDSEN--><br \/>\n<iframe\n                    title=\"ntWidget\"\n                    id=\"contentFrame1041\"\n                    frameBorder=\"0\"\n                    scrolling=\"no\"\n                    src=\"https:\/\/ekom.norsktippingpartner.no\/pos\/1041\"\n                    style=\"display: none;\n                      width: 100%;\n                      height: 60px\n                  \"><\/iframe><\/p>\n<div class='button-bar'>Spill direkte!<\/div>\n<p><a href=\"\/no\/sport\/systemxperten-tipping\/\"><\/p>\n<div class=\"SimpleButton\">\n<p>SystemXperten Tipping<\/p>\n<p class=\"small\">For alle plattformer - Gratis!<\/p>\n<\/p><\/div>\n<p>\t\t\t<\/a><br \/>\n<a href=\"\/no\/sport\/systemxperten-oddsbomben\"><\/p>\n<div class=\"SimpleButton\">\n<p>SystemXperten Oddsbomben<\/p>\n<p class=\"small\">For alle plattformer - Gratis!<\/p>\n<\/p><\/div>\n<p>\t\t\t<\/a><br \/>\n<a href=\"\/no\/sport\/tippstation2\/\"><\/p>\n<div class=\"SimpleButton\">\n<p>Tippstation 2<\/p>\n<p class=\"small\">Tipping helt enkelt - Gratis!<\/p>\n<\/p><\/div>\n<p>\t\t\t<\/a><\/p>\n<p><a href=\"\/no\/sport\/live\"><br \/>\n<img decoding=\"async\" src=\"\/no\/sport\/live\/img\/logo_hvit.png\" style=\"width: 100%; background-color: black; border-radius: 4px\"\/><br \/>\n<\/a><\/p>\n<div class=\"button-bar\">Ukens tippetips<\/div>\n<p><a href=\"#\" onclick=\"doclick(this,'tippetips'); return false;\"><\/p>\n<div class=\"SimpleButton\">\n<p>Tips med omtale for<br \/>ukens tippekuponger!<\/p>\n<\/p><\/div>\n<p>\t\t\t<\/a><\/p>\n<p><!-- Live Oddsen --><br \/>\n<iframe\n                    title=\"ntWidget\"\n                    id=\"contentFrame1043\"\n                    frameBorder=\"0\"\n                    scrolling=\"no\"\n                    src=\"https:\/\/ekom.norsktippingpartner.no\/pos\/1043\"\n                    style=\"\n                      width: 300px;\n                      height: 400px\n                  \"><\/iframe><\/p>\n<p><!--KOMMENDE POTTER--><br \/>\n<iframe\n                    title=\"ntWidget\"\n                    id=\"contentFrame1044\"\n                    frameBorder=\"0\"\n                    scrolling=\"no\"\n                    src=\"https:\/\/ekom.norsktippingpartner.no\/pos\/1044\"\n                    style=\"\n                      width: 100%;\n                      height: 400px\n                  \"><\/iframe><\/p>\n<p><!--LOTTO--><br \/>\n<iframe\n                    title=\"ntWidget\"\n                    id=\"contentFrame1046\"\n                    frameBorder=\"0\"\n                    scrolling=\"no\"\n                    src=\"https:\/\/ekom.norsktippingpartner.no\/pos\/1046\"\n                    style=\"display: none;\n                      width: 100%;\n                      height: 60px\n                  \"><\/iframe><\/p>\n<p><!--VIKINGLOTTO--><br \/>\n<iframe\n                    title=\"ntWidget\"\n                    id=\"contentFrame1047\"\n                    frameBorder=\"0\"\n                    scrolling=\"no\"\n                    src=\"https:\/\/ekom.norsktippingpartner.no\/pos\/1047\"\n                    style=\"display: none;\n                      width: 100%;\n                      height: 60px\n                  \"><\/iframe><\/p>\n<p><!--EUROJACKPOT--><br \/>\n<iframe\n                    title=\"ntWidget\"\n                    id=\"contentFrame1048\"\n                    frameBorder=\"0\"\n                    scrolling=\"no\"\n                    src=\"https:\/\/ekom.norsktippingpartner.no\/pos\/1048\"\n                    style=\"display: none;\n                      width: 100%;\n                      height: 60px\n                  \"><\/iframe><\/p>\n<p><!--KENO--><br \/>\n<iframe\n                    title=\"ntWidget\"\n                    id=\"contentFrame1049\"\n                    frameBorder=\"0\"\n                    scrolling=\"no\"\n                    src=\"https:\/\/ekom.norsktippingpartner.no\/pos\/1049\"\n                    style=\"display: none;\n                      width: 100%;\n                      height: 60px\n                  \"><\/iframe><\/p>\n<p><!--NABOLAGET--><br \/>\n<iframe\n                    title=\"ntWidget\"\n                    id=\"contentFrame1050\"\n                    frameBorder=\"0\"\n                    scrolling=\"no\"\n                    src=\"https:\/\/ekom.norsktippingpartner.no\/pos\/1050\"\n                    style=\"display: none;\n                      width: 100%;\n                      height: 60px\n                  \"><\/iframe><\/p>\n<div id=\"annonse\" style=\"width:100%; background-color:#fcfaed;\">\n  <a href=\"\/\/www.radsoft.eu\/no\/totopro\" target=\"_blank\" rel=\"noopener noreferrer\"><img decoding=\"async\" src=\"\/no\/sport\/images\/annonseTG.png\" width=\"180\"  alt=\"\" title=\"\" \/ style=\"margin-left:57px; margin-top:15px; margin-bottom:15px;\"><\/a>\n  <\/div>\n<\/td>\n<td style=\"width: 70%\">\n\t<!-- web push notifications --><br \/>\n<iframe style=\"height: 150px\" src=\"\/no\/sport\/PushNotifications\/pushnotifications\/index.html\" id=\"pushnotifications\" name=\"pn0\" scrolling=\"no\"><\/iframe><br \/>\n\t\t\t\t<iframe id='red0' name='red0' class='redaksjonelt' frameborder='0' scrolling='no' allowTransparency='true' style='height: 10px;' isrc='\/no\/sport\/widget\/Redaksjonelt\/index.php?n=0&#038;page=wordpress'><\/iframe><\/p>\n<div class=\"lotto-holder lotto-holder-wide\"><\/div>\n<p>\t\t\t\t<iframe id='red1' name='red1' class='redaksjonelt' frameborder='0' scrolling='no' allowTransparency='true' style='height: 10px;' isrc='\/no\/sport\/widget\/Redaksjonelt\/index.php?n=1&#038;page=wordpress'><\/iframe><\/p>\n<p><iframe id='red2' name='red2' class='redaksjonelt' frameborder='0' scrolling='no' allowTransparency='true' style='height: 10px;' isrc='\/no\/sport\/widget\/Redaksjonelt\/index.php?n=2&#038;page=wordpress'><\/iframe><\/p>\n<p><!-- <iframe title=\"ntWidget\" id=\"contentFrame1149\" frameBorder=\"0\" scrolling=\"no\" src=\"https:\/\/ekom.norsktippingpartner.no\/pos\/1149\" style=\" width: 100%; height: 400px \">\n<\/iframe>--><\/p>\n<p>\t\t\t\t<iframe id='red3' name='red3' class='redaksjonelt' frameborder='0' scrolling='no' allowTransparency='true' style='height: 10px;' isrc='\/no\/sport\/widget\/Redaksjonelt\/index.php?n=3&#038;page=wordpress'><\/iframe><br \/>\n\t\t\t\t<iframe id='red4' name='red4' class='redaksjonelt' frameborder='0' scrolling='no' allowTransparency='true' style='height: 10px;' isrc='\/no\/sport\/widget\/Redaksjonelt\/index.php?n=4&#038;page=wordpress'><\/iframe><br \/>\n\t\t\t\t<iframe id='red5' name='red5' class='redaksjonelt' frameborder='0' scrolling='no' allowTransparency='true' style='height: 10px;' isrc='\/no\/sport\/widget\/Redaksjonelt\/index.php?n=5&#038;page=wordpress'><\/iframe>\t<\/p>\n<p><!-- FJERNET AV JAN \n\n\n<div style=\"margin-left:8px; margin-right: 8px\">\n<script type='text\/javascript' src='\/\/widget.tippebannere.no\/v3\/Scripts\/nt-utilities.js'><\/script><iframe frameborder='0' scrolling='no'  allowTransparency='true' style='width:100%; height:2px;' src='\/\/widget.tippebannere.no\/v3\/iframes\/RSSBanner3\/index.aspx?f=all&cart=6000&carv=750&WT.mc_id=RADsoft_banner_produkt_OmtaleTips'><\/iframe> \n--><\/p>\n<p><!-- TV Kamper --><\/p>\n<p><iframe title=\"ntWidget\" id=\"contentFrame1042\" frameBorder=\"0\" scrolling=\"no\" src=https:\/\/ekom.norsktippingpartner.no\/pos\/1042 style=\" width: 100%; height: 600px \"><\/iframe><\/p>\n<\/div>\n<p><!-- Kom i gang --><br \/>\n<iframe\n                    title=\"ntWidget\"\n                    id=\"contentFrame1045\"\n                    frameBorder=\"0\"\n                    scrolling=\"no\"\n                    src=\"https:\/\/ekom.norsktippingpartner.no\/pos\/1045\"\n                    style=\"\n                      width: 100%;\n                      height: 120px\n                  \"><\/iframe><\/p>\n<\/td>\n<\/tr>\n<\/table><\/div>\n<div class=\"omtale-1-column\"> <!!MOBIL--><\/p>\n<p><!--ODDSEN--><br \/>\n<iframe\n                    title=\"ntWidget\"\n                    id=\"contentFrame1041\"\n                    frameBorder=\"0\"\n                    scrolling=\"no\"\n                    src=\"https:\/\/ekom.norsktippingpartner.no\/pos\/1041\"\n                    style=\"display: none;\n                      width: 100%;\n                      height: 60px\n                  \"><\/iframe><\/p>\n<p><!--\n  \n\n<div style=\"background-color:#e6eaed; margin-top:0px; margin-bottom:4px; padding:4px; border:solid 1px #000000;\">\n     <a href=\"https:\/\/www.norsk-tipping.no\/spillevett\"><img decoding=\"async\" src=\"\/no\/sport\/wp-content\/themes\/spilleksperter\/img\/spillvettdark.png\" alt=\"\" title=\"\" \/ style=\"margin-right:10px; width:47%;\"><\/a>  \n\n     <a href=\"https:\/\/www.norsk-tipping.no\/?WT.mc_id=Radsoft_websider_etkommersieltsamarbeidmed\"><img decoding=\"async\" src=\"\/no\/sport\/wp-content\/themes\/spilleksperter\/img\/ntlogodark.png\"  alt=\"\" title=\"\" style=\"width:47%;\"><\/a>  \n  <\/div>\n\n\n--><\/p>\n<div class='button-bar'>Spill direkte!<\/div>\n<p><a href=\"\/no\/sport\/systemxperten-tipping\/\"><\/p>\n<div class=\"SimpleButton\">\n<p>SystemXperten Tipping<\/p>\n<p class=\"small\">For all plattformer - Gratis!<\/p>\n<\/p><\/div>\n<p>\t\t\t<\/a><br \/>\n<a href=\"\/no\/sport\/systemxperten-oddsbomben\"><\/p>\n<div class=\"SimpleButton\">\n<p>SystemXperten Oddsbomben<\/p>\n<p class=\"small\">For all plattformer - Gratis!<\/p>\n<\/p><\/div>\n<p>\t\t\t<\/a><br \/>\n<a href=\"\/no\/sport\/tippstation2\/\"><\/p>\n<div class=\"SimpleButton\">\n<p>Tippstation 2<\/p>\n<p class=\"small\">Tipping helt enkelt - Gratis!<\/p>\n<\/p><\/div>\n<p>\t\t\t<\/a><br \/>\n<a href=\"\/no\/sport\/live\"><br \/>\n<img decoding=\"async\" src=\"\/no\/sport\/live\/img\/logo_hvit.png\" style=\"width: 100%; background-color: black; border-radius: 4px\"\/><br \/>\n<\/a><\/p>\n<div class=\"button-bar\">Ukens tippetips<\/div>\n<p><a href=\"#\" onclick=\"doclick(this,'tippetips'); return false;\"><\/p>\n<div class=\"SimpleButton\">\n<p>Tips med omtale for<br \/>ukens tippekuponger!<\/p>\n<\/p><\/div>\n<p>\t\t\t<\/a><\/p>\n<p><!-- web push notifications --><br \/>\n<iframe style=\"height: 150px\" src=\"\/no\/sport\/PushNotifications\/pushnotifications\/index.html\" id=\"pushnotifications\" name=\"pn0\" scrolling=\"no\"><\/iframe><\/p>\n<p>\t\t<iframe id='red0' name='red0' class='redaksjonelt' frameborder='0' scrolling='no' allowTransparency='true' style='height: 10px;' isrc='\/no\/sport\/widget\/Redaksjonelt\/index.php?n=0&#038;page=wordpress'><\/iframe><\/p>\n<div class=\"lotto-holder lotto-holder-thin\"><\/div>\n<hr style=\"color: black\">\n\t\t<iframe id='red1' name='red1' class='redaksjonelt' frameborder='0' scrolling='no' allowTransparency='true' style='height: 10px;' isrc='\/no\/sport\/widget\/Redaksjonelt\/index.php?n=1&#038;page=wordpress'><\/iframe><\/p>\n<p><!-- Kom i gang --><br \/>\n<iframe\n                    title=\"ntWidget\"\n                    id=\"contentFrame1045\"\n                    frameBorder=\"0\"\n                    scrolling=\"no\"\n                    src=\"https:\/\/ekom.norsktippingpartner.no\/pos\/1045\"\n                    style=\"\n                      width: 100%;\n                      height: 120px\n                  \"><\/iframe><\/p>\n<hr style=\"color: black\">\n\t\t<iframe id='red2' name='red2' class='redaksjonelt' frameborder='0' scrolling='no' allowTransparency='true' style='height: 10px;' isrc='\/no\/sport\/widget\/Redaksjonelt\/index.php?n=2&#038;page=wordpress'><\/iframe><\/p>\n<hr style=\"color: black\">\n\t\t<iframe id='red3' name='red3' class='redaksjonelt' frameborder='0' scrolling='no' allowTransparency='true' style='height: 10px;' isrc='\/no\/sport\/widget\/Redaksjonelt\/index.php?n=3&#038;page=wordpress'><\/iframe><br \/>\n\t\t<iframe id='red4' name='red4' class='redaksjonelt' frameborder='0' scrolling='no' allowTransparency='true' style='height: 10px;' isrc='\/no\/sport\/widget\/Redaksjonelt\/index.php?n=4&#038;page=wordpress'><\/iframe><br \/>\n\t\t<iframe id='red5' name='red5' class='redaksjonelt' frameborder='0' scrolling='no' allowTransparency='true' style='height: 10px;' isrc='\/no\/sport\/widget\/Redaksjonelt\/index.php?n=5&#038;page=wordpress'><\/iframe>\t\t<\/p>\n<p><!--Spill ansvarlig --><br \/>\n<iframe title=\"ntWidget\" id=\"contentFrame1149\" frameBorder=\"0\" scrolling=\"no\" src=\"https:\/\/ekom.norsktippingpartner.no\/pos\/1149\" style=\" width: 100%; height: 400px \"><\/iframe><\/p>\n<p><!--LOTTO--><br \/>\n<iframe\n                    title=\"ntWidget\"\n                    id=\"contentFrame1046\"\n                    frameBorder=\"0\"\n                    scrolling=\"no\"\n                    src=\"https:\/\/ekom.norsktippingpartner.no\/pos\/1046\"\n                    style=\"display: none;\n                      width: 100%;\n                      height: 60px\n                  \"><\/iframe><\/p>\n<p><!--VIKINGLOTTO--><br \/>\n<iframe\n                    title=\"ntWidget\"\n                    id=\"contentFrame1047\"\n                    frameBorder=\"0\"\n                    scrolling=\"no\"\n                    src=\"https:\/\/ekom.norsktippingpartner.no\/pos\/1047\"\n                    style=\"display: none;\n                      width: 100%;\n                      height: 60px\n                  \"><\/iframe><\/p>\n<p><!--EUROJACKPOT--><br \/>\n<iframe\n                    title=\"ntWidget\"\n                    id=\"contentFrame1048\"\n                    frameBorder=\"0\"\n                    scrolling=\"no\"\n                    src=\"https:\/\/ekom.norsktippingpartner.no\/pos\/1048\"\n                    style=\"display: none;\n                      width: 100%;\n                      height: 60px\n                  \"><\/iframe><\/p>\n<p><!--KENO--><br \/>\n<iframe\n                    title=\"ntWidget\"\n                    id=\"contentFrame1049\"\n                    frameBorder=\"0\"\n                    scrolling=\"no\"\n                    src=\"https:\/\/ekom.norsktippingpartner.no\/pos\/1049\"\n                    style=\"display: none;\n                      width: 100%;\n                      height: 60px\n                  \"><\/iframe><\/p>\n<p><!--NABOLAGET--><br \/>\n<iframe\n                    title=\"ntWidget\"\n                    id=\"contentFrame1050\"\n                    frameBorder=\"0\"\n                    scrolling=\"no\"\n                    src=\"https:\/\/ekom.norsktippingpartner.no\/pos\/1050\"\n                    style=\"display: none;\n                      width: 100%;\n                      height: 60px\n                  \"><\/iframe><\/p>\n<\/div>\n<\/div>\n<section class=\"row clear tippetips hidden\">\n<div class=\"colLeft\">\n        <!-- h1 style=\"display: inline-block; visibility: hidden\">Tippetips<\/h1 -->\n<div class=\"tippebuttons\" style=\"display: inline-block; width: auto; float: right\">\n            <input class=\"tippebutton\" type=\"button\" value=\"Tippetips l\u00f8rdag\" onclick=\"document.getElementById('tipsframe').src='\/no\/sport\/widget\/Tips\/?d=L';\"><br \/>\n            <input class=\"tippebutton\" type=\"button\" value=\"Tippetips s\u00f8ndag\" onclick=\"document.getElementById('tipsframe').src='\/no\/sport\/widget\/Tips\/?d=S';\"><br \/>\n            <input class=\"tippebutton\" type=\"button\" value=\"Tippetips midtuke\" onclick=\"document.getElementById('tipsframe').src='\/no\/sport\/widget\/Tips\/?d=O';\"><br \/>\n\t\t\t<input class=\"tippebutton print\" type=\"button\" value=\"Skriv ut\" onclick=\"window.frames['tipsframe'].focus(); window.frames['tipsframe'].print();\">\n        <\/div>\n<p>\t\t<!--\n        \n\n<p>V&aring;re tippetips legges n&aring; ut i PDF format. Det betyr at du m&aring; ha Acrobat Reader for &aring; lese tipsene. De aller fleste har dette installert, men dersom du ikke skulle f&aring; opp tipsene kan du laste ned Acrobat Reader fra Adobe ved &aring; <a href=\"http:\/\/get.adobe.com\/reader\/\" target=\"_blank\" rel=\"noopener noreferrer\">klikke her<\/a>.<\/p>\n\n\n\t\t-->\n    <\/div>\n<style type=\"text\/css\">\n\t\tiframe#tipsframe {\n\t\t\tborder: 0;\n\t\t\twidth: 100%;\n\t\t\tmax-width: 980px;\n\t\t}\n\t\tsection.tippetips {\n\t\t\twidth: 80%;\n\t\t\tmargin: auto;\n\t\t\tmax-width: 900px;\n\t\t}\n\t\t@media max-width(450px) {\n\t\t\tsection.tippetips {\n\t\t\t\twidth: 100%;\n\t\t\t}\n\t\t}\n\t\tdiv.colLeft { \n\t\t\twidth: 100%; \n\t\t\tmargin-top: 10px;\n\t\t}\n\t\tinput.tippebutton {\n\t\t\tbackground-color: #618BB9;\n\t\t\tborder: 1px solid #114682;\n\t\t\tborder-radius: 3px;\n\t\t\tcursor: pointer;\n\t\t\theight: 40px;\n\t\t\tmargin-top: 10px;\n\t\t}\n\t\tinput.tippebutton:hover {\n\t\t\tbackground-color: #7299C5;\n\t\t\tcolor: white;\n\t\t}\n\t\tinput.tippebutton.print {\n\t\t\tbackground-color: #EAEAEA;\n\t\t}\n\t<\/style>\n<p>\t<script type=\"text\/javascript\">\n\t\t$(window).on(\"message\", function(event) {\n\t\t\tvar data = event.originalEvent.data;\n\t\t\tconsole.log(\"resize msg: %o\", data);\n\t\t\ttry {<\/p>\n<p>\t\t\t\tdata = JSON.parse(data);\n\t\t\t\tvar $iframe = $(\"iframe[name='\"+data.name+\"']\");\n\t\t\t\tif(data.type == \"resize\") {<\/p>\n<p>\t\t\t\t\tvar height = $iframe.height();\n\t\t\t\t\tif(Math.abs(height - data.height) > 30)\n\t\t\t\t\t{\n\t\t\t\t\t\t$iframe.css({\n\t\t\t\t\t\t\t\"height\":(data.height + 21) + \"px\"\n\t\t\t\t\t\t});\n\t\t\t\t\t}<\/p>\n<p>\t\t\t\t\tif(data.name == \"red0\") \n\t\t\t\t\t{\n\t\t\t\t\t\t$(\"#komigang\").css({\"height\":(data.height+21)+\"px\"});\n\t\t\t\t\t}\n\t\t\t\t}\n\t\t\t\telse if(data.type == \"close\") {\t\t\t\t\t\t\n\t\t\t\t\t$iframe.remove();\n\t\t\t\t\tvar $red = $(\"iframe.redaksjonelt\");\n\t\t\t\t\tif($red.length % 2 == 0) {\n\t\t\t\t\t\t$red.eq($red.length-1).css({\"width\":\"100%\"});\n\t\t\t\t\t}\n\t\t\t\t}\n\t\t\t}\n\t\t\tcatch(err) {}\t\t\t\n\t\t});\n\t\t$(window).on(\"resize\", function() {\n\t\t\t$(\"iframe.redaksjonelt\").each(function(i,el) {\n\t\t\t\tvar $el = $(el);\n\t\t\t\t$el.css({\"height\":\"\"});\n\t\t\t\tvar src = $el.attr(\"isrc\");\t\t\t\t\n\t\t\t\t$el.prop(\"src\", src + \" \");\n\t\t\t});\n\t\t});\n\t\t$(document).ready(function() { \n$(window).trigger(\"resize\"); \n$(\".spill_content\").css({\"padding\":\"1.5em 10%\"});\n$(\"#header .content\").css({\"margin-bottom\":\"4em\"});\n});\n\t<\/script><br \/>\n\t<iframe name=\"tipsframe\" id=\"tipsframe\" src=\"\" style=\"height: 925px;\"><\/iframe><\/p>\n<p>\t<small>Tippetipsene er satt opp med en systemstamme p\u00e5 11.664 rekker. Kolonne 3 er v\u00e5rt utgangstips, mens kolonne 4 er v\u00e5rt systemspilltips. I kolonne 5 finner du prosentfordelt sjanse ut i fra Tipsguidens dataanalyse.<\/small>\t<\/p>\n<\/section>\n","protected":false},"excerpt":{"rendered":"<p>Omtale Tippetips Spill direkte! SystemXperten Tipping For alle plattformer &#8211; Gratis! SystemXperten Oddsbomben For alle plattformer &#8211; Gratis! Tippstation 2 Tipping helt enkelt &#8211; Gratis! Ukens tippetips Tips med omtale forukens tippekuponger! Spill direkte! SystemXperten Tipping For all plattformer &#8211; Gratis! SystemXperten Oddsbomben For all plattformer &#8211; Gratis! Tippstation 2 Tipping helt enkelt &#8211; Gratis! [&hellip;]<\/p>\n","protected":false},"author":1,"featured_media":0,"parent":0,"menu_order":2,"comment_status":"closed","ping_status":"closed","template":"spilletips.php","meta":{"footnotes":""},"class_list":["post-43","page","type-page","status-publish","hentry"],"_links":{"self":[{"href":"https:\/\/www.radsoft.eu\/no\/sport\/wp-json\/wp\/v2\/pages\/43","targetHints":{"allow":["GET"]}}],"collection":[{"href":"https:\/\/www.radsoft.eu\/no\/sport\/wp-json\/wp\/v2\/pages"}],"about":[{"href":"https:\/\/www.radsoft.eu\/no\/sport\/wp-json\/wp\/v2\/types\/page"}],"author":[{"embeddable":true,"href":"https:\/\/www.radsoft.eu\/no\/sport\/wp-json\/wp\/v2\/users\/1"}],"replies":[{"embeddable":true,"href":"https:\/\/www.radsoft.eu\/no\/sport\/wp-json\/wp\/v2\/comments?post=43"}],"version-history":[{"count":283,"href":"https:\/\/www.radsoft.eu\/no\/sport\/wp-json\/wp\/v2\/pages\/43\/revisions"}],"predecessor-version":[{"id":1032,"href":"https:\/\/www.radsoft.eu\/no\/sport\/wp-json\/wp\/v2\/pages\/43\/revisions\/1032"}],"wp:attachment":[{"href":"https:\/\/www.radsoft.eu\/no\/sport\/wp-json\/wp\/v2\/media?parent=43"}],"curies":[{"name":"wp","href":"https:\/\/api.w.org\/{rel}","templated":true}]}}