{"id":41,"date":"2016-03-04T12:06:45","date_gmt":"2016-03-04T12:06:45","guid":{"rendered":"http:\/\/localhost:8888\/spilleksperter\/?page_id=41"},"modified":"2022-10-25T06:29:16","modified_gmt":"2022-10-25T04:29:16","slug":"kontakt","status":"publish","type":"page","link":"https:\/\/www.radsoft.eu\/no\/sport\/kontakt\/","title":{"rendered":"Om RADsoft"},"content":{"rendered":"<div class=\"wide-p\" style=\"max-width: 1030px; margin: auto; text-align: left\">\n<p class=\"small space-above-2x\"><strong>RADsoft ble etablert i 1994 og forretningsideen var \u00e5 utvikle digitale spillsystemer, informasjon og tips for tippere, oddsspillere og travspillere i det norske marked.<\/strong><\/p>\n<p class=\"small space-above-2x\">Siden etableringen har RADsoft utviklet en rekke systemspill for tipping, oddsen, lotto og trav i hele Skandinavia.<\/p>\n<p><p class=\"small space-above-2x\">RADsofts produkter er i tester k\u00e5ret til landets beste og mest avanserte, og RADsoft er betegnet som den ledende systemspill-leverand\u00f8ren i Norge og Sverige.<\/p>\n<p class=\"space-above\">\n<p><iframe title=\"ntWidget\" id=\"contentFrame1158\" frameBorder=\"0\" scrolling=\"no\" src=\"https:\/\/ekom.norsktippingpartner.no\/pos\/1158\" style=\" width: 100%; height: 200px \"><\/iframe>\n<\/p\n\n\n\n<p  class=\"small space-above\"><strong>www.radsoft.no<\/strong> er ett av landets mest bes\u00f8kte nettsted for spill hos Norsk Tipping. P\u00e5 <strong>www.totopro.no<\/strong> finner du ett av landets mest bes\u00f8kte nettsted for spill hos Norsk Rikstoto.<\/p>\n<p><p class=\"small space-above-2x\">Disse sidene inneholder gratis programvare for systemspill, samt tips til fotball og hestespill.<\/p>\n<p><p class=\"small space-above-2x\">RADsofts nettsider for spill og tips er de ledende i Skandinavia med over 90 000 registrerte brukere.<\/p>\n<p><!-- Ansvarlig spill --><br \/>\n<iframe title=\"ntWidget\" id=\"contentFrame1149\" frameBorder=\"0\" scrolling=\"no\" src=\"https:\/\/ekom.norsktippingpartner.no\/pos\/1149\" style=\" width: 100%; height: 400px \"><\/iframe><\/p>\n<p class=\"small space-above-2x\"><strong>Har du sp\u00f8rsm\u00e5l om v\u00e5re produkter eller \u00f8nsker annen informasjon om RADsoft eller noen av v\u00e5re produkter og tjenester kan du kontakte oss p\u00e5:<\/strong><\/p>\n<p><p class=\"small space-above-2x\">RADsoft AS<br \/>\nPb. 39<br \/>\n3249 SANDEFJORD<\/p>\n<p><p class=\"small space-above-2x\">info@radsoft.no<\/p>\n<p class=\"small space-above-2x\">Telefon: 33 47 33 48 <\/p>\n<p class=\"space-above\">\n<iframe\n                    title=\"ntWidget\"\n                    id=\"contentFrame1045\"\n                    frameBorder=\"0\"\n                    scrolling=\"no\"\n                    src=\"https:\/\/ekom.norsktippingpartner.no\/pos\/1045\"\n                    style=\"\n                      width: 100%;\n                      height: 120px\n                  \"><\/iframe>\n<\/p>\n<\/div>\n","protected":false},"excerpt":{"rendered":"<p>RADsoft ble etablert i 1994 og forretningsideen var \u00e5 utvikle digitale spillsystemer, informasjon og tips for tippere, oddsspillere og travspillere i det norske marked. Siden etableringen har RADsoft utviklet en rekke systemspill for tipping, oddsen, lotto og trav i hele Skandinavia. RADsofts produkter er i tester k\u00e5ret til landets beste og mest avanserte, og RADsoft [&hellip;]<\/p>\n","protected":false},"author":1,"featured_media":0,"parent":0,"menu_order":4,"comment_status":"closed","ping_status":"closed","template":"kontakt.php","meta":{"footnotes":""},"class_list":["post-41","page","type-page","status-publish","hentry"],"_links":{"self":[{"href":"https:\/\/www.radsoft.eu\/no\/sport\/wp-json\/wp\/v2\/pages\/41","targetHints":{"allow":["GET"]}}],"collection":[{"href":"https:\/\/www.radsoft.eu\/no\/sport\/wp-json\/wp\/v2\/pages"}],"about":[{"href":"https:\/\/www.radsoft.eu\/no\/sport\/wp-json\/wp\/v2\/types\/page"}],"author":[{"embeddable":true,"href":"https:\/\/www.radsoft.eu\/no\/sport\/wp-json\/wp\/v2\/users\/1"}],"replies":[{"embeddable":true,"href":"https:\/\/www.radsoft.eu\/no\/sport\/wp-json\/wp\/v2\/comments?post=41"}],"version-history":[{"count":45,"href":"https:\/\/www.radsoft.eu\/no\/sport\/wp-json\/wp\/v2\/pages\/41\/revisions"}],"predecessor-version":[{"id":1015,"href":"https:\/\/www.radsoft.eu\/no\/sport\/wp-json\/wp\/v2\/pages\/41\/revisions\/1015"}],"wp:attachment":[{"href":"https:\/\/www.radsoft.eu\/no\/sport\/wp-json\/wp\/v2\/media?parent=41"}],"curies":[{"name":"wp","href":"https:\/\/api.w.org\/{rel}","templated":true}]}}