{"id":39,"date":"2016-03-04T12:06:39","date_gmt":"2016-03-04T12:06:39","guid":{"rendered":"http:\/\/localhost:8888\/spilleksperter\/?page_id=39"},"modified":"2021-10-11T14:21:49","modified_gmt":"2021-10-11T12:21:49","slug":"faq","status":"publish","type":"page","link":"https:\/\/www.radsoft.eu\/no\/sport\/faq\/","title":{"rendered":"FAQ"},"content":{"rendered":"<p>Her f\u00e5r du svar p\u00e5 ofte stilte sp\u00f8rsm\u00e5l. Finner du ikke det du trenger svar p\u00e5, send en mail til <a href=\"mailto:info@radsoft.no\">info@radsoft.no<\/a><\/p>\n<p class=\"space-above\">\n<iframe\n                    title=\"ntWidget\"\n                    id=\"contentFrame1045\"\n                    frameBorder=\"0\"\n                    scrolling=\"no\"\n                    src=\"https:\/\/ekom.norsktippingpartner.no\/pos\/1045\"\n                    style=\"\n                      width: 100%;\n                      height: 120px\n                  \"><\/iframe><\/p>\n","protected":false},"excerpt":{"rendered":"<p>Her f\u00e5r du svar p\u00e5 ofte stilte sp\u00f8rsm\u00e5l. Finner du ikke det du trenger svar p\u00e5, send en mail til info@radsoft.no<\/p>\n","protected":false},"author":1,"featured_media":0,"parent":0,"menu_order":4,"comment_status":"closed","ping_status":"closed","template":"faq.php","meta":{"footnotes":""},"class_list":["post-39","page","type-page","status-publish","hentry"],"_links":{"self":[{"href":"https:\/\/www.radsoft.eu\/no\/sport\/wp-json\/wp\/v2\/pages\/39","targetHints":{"allow":["GET"]}}],"collection":[{"href":"https:\/\/www.radsoft.eu\/no\/sport\/wp-json\/wp\/v2\/pages"}],"about":[{"href":"https:\/\/www.radsoft.eu\/no\/sport\/wp-json\/wp\/v2\/types\/page"}],"author":[{"embeddable":true,"href":"https:\/\/www.radsoft.eu\/no\/sport\/wp-json\/wp\/v2\/users\/1"}],"replies":[{"embeddable":true,"href":"https:\/\/www.radsoft.eu\/no\/sport\/wp-json\/wp\/v2\/comments?post=39"}],"version-history":[{"count":27,"href":"https:\/\/www.radsoft.eu\/no\/sport\/wp-json\/wp\/v2\/pages\/39\/revisions"}],"predecessor-version":[{"id":959,"href":"https:\/\/www.radsoft.eu\/no\/sport\/wp-json\/wp\/v2\/pages\/39\/revisions\/959"}],"wp:attachment":[{"href":"https:\/\/www.radsoft.eu\/no\/sport\/wp-json\/wp\/v2\/media?parent=39"}],"curies":[{"name":"wp","href":"https:\/\/api.w.org\/{rel}","templated":true}]}}